{"id":8600,"date":"2019-03-20T08:03:27","date_gmt":"2019-03-20T13:03:27","guid":{"rendered":"https:\/\/www.guillenjoyeros.com\/alta-joyeria?post_type=product&#038;p=8600"},"modified":"2019-06-26T08:04:15","modified_gmt":"2019-06-26T13:04:15","slug":"anillo-de-compromiso-ane","status":"publish","type":"product","link":"https:\/\/www.guillenjoyeros.com\/alta-joyeria\/tienda\/coleccion-romance\/unicolor-coleccion-romance\/producto\/anillo-de-compromiso-ane\/","title":{"rendered":"Anillo de compromiso ANE (ASA-103)"},"content":{"rendered":"<p>Extraordinario dise\u00f1o que lleva, de manera muy elegante, l\u00edneas en forma de espiral en el cuerpo y puente del anillo, enjoyando al centro un fant\u00e1stico diamante de corte redondo brillante que resaltar\u00e1 en la mano de ella.<\/p>\n","protected":false},"excerpt":{"rendered":"<p>Extraordinario dise\u00f1o que lleva, de manera muy elegante, l\u00edneas en forma de espiral en el cuerpo y puente del anillo, enjoyando al centro un fant\u00e1stico diamante de corte redondo brillante que resaltar\u00e1 en la mano de ella.<\/p>\n","protected":false},"featured_media":9125,"comment_status":"closed","ping_status":"closed","template":"","meta":{"inline_featured_image":false},"product_cat":[15,123,124],"product_tag":[],"acf":[],"yoast_head":"<!-- This site is optimized with the Yoast SEO plugin v19.5.1 - https:\/\/yoast.com\/wordpress\/plugins\/seo\/ -->\n<title>Anillo de compromiso ANE (ASA-103) - Guillen Joyeros<\/title>\n<meta name=\"description\" content=\"Extraordinario dise\u00f1o que lleva, de manera muy elegante, l\u00edneas en forma de espiral en el cuerpo y puente del anillo, enjoyando al centro un fant\u00e1stico\" \/>\n<meta name=\"robots\" content=\"index, follow, max-snippet:-1, max-image-preview:large, max-video-preview:-1\" \/>\n<link rel=\"canonical\" href=\"https:\/\/www.guillenjoyeros.com\/alta-joyeria\/tienda\/coleccion-romance\/unicolor-coleccion-romance\/producto\/anillo-de-compromiso-ane\/\" \/>\n<meta property=\"og:locale\" content=\"es_ES\" \/>\n<meta property=\"og:type\" content=\"article\" \/>\n<meta property=\"og:title\" content=\"Anillo de compromiso ANE (ASA-103) - Guillen Joyeros\" \/>\n<meta property=\"og:description\" content=\"Extraordinario dise\u00f1o que lleva, de manera muy elegante, l\u00edneas en forma de espiral en el cuerpo y puente del anillo, enjoyando al centro un fant\u00e1stico\" \/>\n<meta property=\"og:url\" content=\"https:\/\/www.guillenjoyeros.com\/alta-joyeria\/tienda\/coleccion-romance\/unicolor-coleccion-romance\/producto\/anillo-de-compromiso-ane\/\" \/>\n<meta property=\"og:site_name\" content=\"Guillen Joyeros\" \/>\n<meta property=\"article:publisher\" content=\"https:\/\/www.facebook.com\/DGuillenNovias\" \/>\n<meta property=\"article:modified_time\" content=\"2019-06-26T13:04:15+00:00\" \/>\n<meta property=\"og:image\" content=\"https:\/\/www.guillenjoyeros.com\/alta-joyeria\/wp-content\/uploads\/2019\/03\/ASA-103-1.jpg\" \/>\n\t<meta property=\"og:image:width\" content=\"700\" \/>\n\t<meta property=\"og:image:height\" content=\"700\" \/>\n\t<meta property=\"og:image:type\" content=\"image\/jpeg\" \/>\n<meta name=\"twitter:card\" content=\"summary\" \/>\n<script type=\"application\/ld+json\" class=\"yoast-schema-graph\">{\"@context\":\"https:\/\/schema.org\",\"@graph\":[{\"@type\":\"WebPage\",\"@id\":\"https:\/\/www.guillenjoyeros.com\/alta-joyeria\/tienda\/coleccion-romance\/unicolor-coleccion-romance\/producto\/anillo-de-compromiso-ane\/\",\"url\":\"https:\/\/www.guillenjoyeros.com\/alta-joyeria\/tienda\/coleccion-romance\/unicolor-coleccion-romance\/producto\/anillo-de-compromiso-ane\/\",\"name\":\"Anillo de compromiso ANE (ASA-103) - Guillen Joyeros\",\"isPartOf\":{\"@id\":\"https:\/\/www.guillenjoyeros.com\/alta-joyeria\/#website\"},\"datePublished\":\"2019-03-20T13:03:27+00:00\",\"dateModified\":\"2019-06-26T13:04:15+00:00\",\"description\":\"Extraordinario dise\u00f1o que lleva, de manera muy elegante, l\u00edneas en forma de espiral en el cuerpo y puente del anillo, enjoyando al centro un fant\u00e1stico\",\"breadcrumb\":{\"@id\":\"https:\/\/www.guillenjoyeros.com\/alta-joyeria\/tienda\/coleccion-romance\/unicolor-coleccion-romance\/producto\/anillo-de-compromiso-ane\/#breadcrumb\"},\"inLanguage\":\"es\",\"potentialAction\":[{\"@type\":\"ReadAction\",\"target\":[\"https:\/\/www.guillenjoyeros.com\/alta-joyeria\/tienda\/coleccion-romance\/unicolor-coleccion-romance\/producto\/anillo-de-compromiso-ane\/\"]}]},{\"@type\":\"BreadcrumbList\",\"@id\":\"https:\/\/www.guillenjoyeros.com\/alta-joyeria\/tienda\/coleccion-romance\/unicolor-coleccion-romance\/producto\/anillo-de-compromiso-ane\/#breadcrumb\",\"itemListElement\":[{\"@type\":\"ListItem\",\"position\":1,\"name\":\"Portada\",\"item\":\"https:\/\/www.guillenjoyeros.com\/alta-joyeria\/\"},{\"@type\":\"ListItem\",\"position\":2,\"name\":\"Tienda\",\"item\":\"https:\/\/www.guillenjoyeros.com\/alta-joyeria\/tienda\/\"},{\"@type\":\"ListItem\",\"position\":3,\"name\":\"Anillo de compromiso ANE (ASA-103)\"}]},{\"@type\":\"WebSite\",\"@id\":\"https:\/\/www.guillenjoyeros.com\/alta-joyeria\/#website\",\"url\":\"https:\/\/www.guillenjoyeros.com\/alta-joyeria\/\",\"name\":\"Guillen Joyeros\",\"description\":\"Llevamos m\u00e1s de 20 a\u00f1os de experiencia en el mercado orfebre tanto a nivel nacional como internacional. Actualmente contamos con nuestra nueva l\u00ednea exclusiva dedicada a los anillos de compromiso y alianzas matrimoniales.\",\"potentialAction\":[{\"@type\":\"SearchAction\",\"target\":{\"@type\":\"EntryPoint\",\"urlTemplate\":\"https:\/\/www.guillenjoyeros.com\/alta-joyeria\/?s={search_term_string}\"},\"query-input\":\"required name=search_term_string\"}],\"inLanguage\":\"es\"}]}<\/script>\n<!-- \/ Yoast SEO plugin. -->","yoast_head_json":{"title":"Anillo de compromiso ANE (ASA-103) - Guillen Joyeros","description":"Extraordinario dise\u00f1o que lleva, de manera muy elegante, l\u00edneas en forma de espiral en el cuerpo y puente del anillo, enjoyando al centro un fant\u00e1stico","robots":{"index":"index","follow":"follow","max-snippet":"max-snippet:-1","max-image-preview":"max-image-preview:large","max-video-preview":"max-video-preview:-1"},"canonical":"https:\/\/www.guillenjoyeros.com\/alta-joyeria\/tienda\/coleccion-romance\/unicolor-coleccion-romance\/producto\/anillo-de-compromiso-ane\/","og_locale":"es_ES","og_type":"article","og_title":"Anillo de compromiso ANE (ASA-103) - Guillen Joyeros","og_description":"Extraordinario dise\u00f1o que lleva, de manera muy elegante, l\u00edneas en forma de espiral en el cuerpo y puente del anillo, enjoyando al centro un fant\u00e1stico","og_url":"https:\/\/www.guillenjoyeros.com\/alta-joyeria\/tienda\/coleccion-romance\/unicolor-coleccion-romance\/producto\/anillo-de-compromiso-ane\/","og_site_name":"Guillen Joyeros","article_publisher":"https:\/\/www.facebook.com\/DGuillenNovias","article_modified_time":"2019-06-26T13:04:15+00:00","og_image":[{"width":700,"height":700,"url":"https:\/\/www.guillenjoyeros.com\/alta-joyeria\/wp-content\/uploads\/2019\/03\/ASA-103-1.jpg","type":"image\/jpeg"}],"twitter_card":"summary","schema":{"@context":"https:\/\/schema.org","@graph":[{"@type":"WebPage","@id":"https:\/\/www.guillenjoyeros.com\/alta-joyeria\/tienda\/coleccion-romance\/unicolor-coleccion-romance\/producto\/anillo-de-compromiso-ane\/","url":"https:\/\/www.guillenjoyeros.com\/alta-joyeria\/tienda\/coleccion-romance\/unicolor-coleccion-romance\/producto\/anillo-de-compromiso-ane\/","name":"Anillo de compromiso ANE (ASA-103) - Guillen Joyeros","isPartOf":{"@id":"https:\/\/www.guillenjoyeros.com\/alta-joyeria\/#website"},"datePublished":"2019-03-20T13:03:27+00:00","dateModified":"2019-06-26T13:04:15+00:00","description":"Extraordinario dise\u00f1o que lleva, de manera muy elegante, l\u00edneas en forma de espiral en el cuerpo y puente del anillo, enjoyando al centro un fant\u00e1stico","breadcrumb":{"@id":"https:\/\/www.guillenjoyeros.com\/alta-joyeria\/tienda\/coleccion-romance\/unicolor-coleccion-romance\/producto\/anillo-de-compromiso-ane\/#breadcrumb"},"inLanguage":"es","potentialAction":[{"@type":"ReadAction","target":["https:\/\/www.guillenjoyeros.com\/alta-joyeria\/tienda\/coleccion-romance\/unicolor-coleccion-romance\/producto\/anillo-de-compromiso-ane\/"]}]},{"@type":"BreadcrumbList","@id":"https:\/\/www.guillenjoyeros.com\/alta-joyeria\/tienda\/coleccion-romance\/unicolor-coleccion-romance\/producto\/anillo-de-compromiso-ane\/#breadcrumb","itemListElement":[{"@type":"ListItem","position":1,"name":"Portada","item":"https:\/\/www.guillenjoyeros.com\/alta-joyeria\/"},{"@type":"ListItem","position":2,"name":"Tienda","item":"https:\/\/www.guillenjoyeros.com\/alta-joyeria\/tienda\/"},{"@type":"ListItem","position":3,"name":"Anillo de compromiso ANE (ASA-103)"}]},{"@type":"WebSite","@id":"https:\/\/www.guillenjoyeros.com\/alta-joyeria\/#website","url":"https:\/\/www.guillenjoyeros.com\/alta-joyeria\/","name":"Guillen Joyeros","description":"Llevamos m\u00e1s de 20 a\u00f1os de experiencia en el mercado orfebre tanto a nivel nacional como internacional. Actualmente contamos con nuestra nueva l\u00ednea exclusiva dedicada a los anillos de compromiso y alianzas matrimoniales.","potentialAction":[{"@type":"SearchAction","target":{"@type":"EntryPoint","urlTemplate":"https:\/\/www.guillenjoyeros.com\/alta-joyeria\/?s={search_term_string}"},"query-input":"required name=search_term_string"}],"inLanguage":"es"}]}},"_links":{"self":[{"href":"https:\/\/www.guillenjoyeros.com\/alta-joyeria\/wp-json\/wp\/v2\/product\/8600"}],"collection":[{"href":"https:\/\/www.guillenjoyeros.com\/alta-joyeria\/wp-json\/wp\/v2\/product"}],"about":[{"href":"https:\/\/www.guillenjoyeros.com\/alta-joyeria\/wp-json\/wp\/v2\/types\/product"}],"replies":[{"embeddable":true,"href":"https:\/\/www.guillenjoyeros.com\/alta-joyeria\/wp-json\/wp\/v2\/comments?post=8600"}],"wp:featuredmedia":[{"embeddable":true,"href":"https:\/\/www.guillenjoyeros.com\/alta-joyeria\/wp-json\/wp\/v2\/media\/9125"}],"wp:attachment":[{"href":"https:\/\/www.guillenjoyeros.com\/alta-joyeria\/wp-json\/wp\/v2\/media?parent=8600"}],"wp:term":[{"taxonomy":"product_cat","embeddable":true,"href":"https:\/\/www.guillenjoyeros.com\/alta-joyeria\/wp-json\/wp\/v2\/product_cat?post=8600"},{"taxonomy":"product_tag","embeddable":true,"href":"https:\/\/www.guillenjoyeros.com\/alta-joyeria\/wp-json\/wp\/v2\/product_tag?post=8600"}],"curies":[{"name":"wp","href":"https:\/\/api.w.org\/{rel}","templated":true}]}}