{"id":417,"date":"2015-10-29T11:29:07","date_gmt":"2015-10-29T16:29:07","guid":{"rendered":"http:\/\/www.guillenjoyeros.com\/alta-joyeria\/?post_type=product&#038;p=417"},"modified":"2019-08-26T14:50:40","modified_gmt":"2019-08-26T19:50:40","slug":"anillo-de-compromiso-fusion-asa-027","status":"publish","type":"product","link":"https:\/\/www.guillenjoyeros.com\/alta-joyeria\/tienda\/anillos-de-compromiso-categorias\/coleccion-frenesi-anillos-compromiso\/unicolor-coleccion-frenesi-anillos-compromiso\/producto\/anillo-de-compromiso-fusion-asa-027\/","title":{"rendered":"Anillo de compromiso Fusi\u00f3n (ASA-027)"},"content":{"rendered":"<p>Elegante anillo de compromiso con un dise\u00f1o espectacular y exclusivo que lleva enjoyado al centro, a trav\u00e9s de movimientos circulares, un asombroso diamante de corte redondo brillante, fusionado por unos peque\u00f1os diamantes que vienen a ser el detalle que m\u00e1s embellece a este solitario y seguro ella amar\u00e1.<\/p>\n","protected":false},"excerpt":{"rendered":"<p>Elegante anillo de compromiso con un dise\u00f1o espectacular y exclusivo que lleva enjoyado al centro, a trav\u00e9s de movimientos circulares, un asombroso diamante de corte redondo brillante, fusionado por unos peque\u00f1os diamantes que vienen a ser el detalle que m\u00e1s embellece a este solitario y seguro ella amar\u00e1.<\/p>\n","protected":false},"featured_media":6066,"comment_status":"closed","ping_status":"closed","template":"","meta":{"inline_featured_image":false},"product_cat":[82,142],"product_tag":[34,33,32,31,30],"acf":[],"yoast_head":"<!-- This site is optimized with the Yoast SEO plugin v19.5.1 - https:\/\/yoast.com\/wordpress\/plugins\/seo\/ -->\n<title>Anillo de compromiso Fusi\u00f3n (ASA-027) - Guillen Joyeros<\/title>\n<meta name=\"description\" content=\"Elegante anillo de compromiso con un dise\u00f1o espectacular y exclusivo que lleva enjoyado al centro, a trav\u00e9s de movimientos circulares, un asombroso\" \/>\n<meta name=\"robots\" content=\"index, follow, max-snippet:-1, max-image-preview:large, max-video-preview:-1\" \/>\n<link rel=\"canonical\" href=\"https:\/\/www.guillenjoyeros.com\/alta-joyeria\/tienda\/anillos-de-compromiso-categorias\/coleccion-frenesi-anillos-compromiso\/unicolor-coleccion-frenesi-anillos-compromiso\/producto\/anillo-de-compromiso-fusion-asa-027\/\" \/>\n<meta property=\"og:locale\" content=\"es_ES\" \/>\n<meta property=\"og:type\" content=\"article\" \/>\n<meta property=\"og:title\" content=\"Anillo de compromiso Fusi\u00f3n (ASA-027) - Guillen Joyeros\" \/>\n<meta property=\"og:description\" content=\"Elegante anillo de compromiso con un dise\u00f1o espectacular y exclusivo que lleva enjoyado al centro, a trav\u00e9s de movimientos circulares, un asombroso\" \/>\n<meta property=\"og:url\" content=\"https:\/\/www.guillenjoyeros.com\/alta-joyeria\/tienda\/anillos-de-compromiso-categorias\/coleccion-frenesi-anillos-compromiso\/unicolor-coleccion-frenesi-anillos-compromiso\/producto\/anillo-de-compromiso-fusion-asa-027\/\" \/>\n<meta property=\"og:site_name\" content=\"Guillen Joyeros\" \/>\n<meta property=\"article:publisher\" content=\"https:\/\/www.facebook.com\/DGuillenNovias\" \/>\n<meta property=\"article:modified_time\" content=\"2019-08-26T19:50:40+00:00\" \/>\n<meta property=\"og:image\" content=\"https:\/\/www.guillenjoyeros.com\/alta-joyeria\/wp-content\/uploads\/2017\/06\/ASA-027.jpg\" \/>\n\t<meta property=\"og:image:width\" content=\"1024\" \/>\n\t<meta property=\"og:image:height\" content=\"1024\" \/>\n\t<meta property=\"og:image:type\" content=\"image\/jpeg\" \/>\n<meta name=\"twitter:card\" content=\"summary\" \/>\n<script type=\"application\/ld+json\" class=\"yoast-schema-graph\">{\"@context\":\"https:\/\/schema.org\",\"@graph\":[{\"@type\":\"WebPage\",\"@id\":\"https:\/\/www.guillenjoyeros.com\/alta-joyeria\/tienda\/anillos-de-compromiso-categorias\/coleccion-frenesi-anillos-compromiso\/unicolor-coleccion-frenesi-anillos-compromiso\/producto\/anillo-de-compromiso-fusion-asa-027\/\",\"url\":\"https:\/\/www.guillenjoyeros.com\/alta-joyeria\/tienda\/anillos-de-compromiso-categorias\/coleccion-frenesi-anillos-compromiso\/unicolor-coleccion-frenesi-anillos-compromiso\/producto\/anillo-de-compromiso-fusion-asa-027\/\",\"name\":\"Anillo de compromiso Fusi\u00f3n (ASA-027) - Guillen Joyeros\",\"isPartOf\":{\"@id\":\"https:\/\/www.guillenjoyeros.com\/alta-joyeria\/#website\"},\"datePublished\":\"2015-10-29T16:29:07+00:00\",\"dateModified\":\"2019-08-26T19:50:40+00:00\",\"description\":\"Elegante anillo de compromiso con un dise\u00f1o espectacular y exclusivo que lleva enjoyado al centro, a trav\u00e9s de movimientos circulares, un asombroso\",\"breadcrumb\":{\"@id\":\"https:\/\/www.guillenjoyeros.com\/alta-joyeria\/tienda\/anillos-de-compromiso-categorias\/coleccion-frenesi-anillos-compromiso\/unicolor-coleccion-frenesi-anillos-compromiso\/producto\/anillo-de-compromiso-fusion-asa-027\/#breadcrumb\"},\"inLanguage\":\"es\",\"potentialAction\":[{\"@type\":\"ReadAction\",\"target\":[\"https:\/\/www.guillenjoyeros.com\/alta-joyeria\/tienda\/anillos-de-compromiso-categorias\/coleccion-frenesi-anillos-compromiso\/unicolor-coleccion-frenesi-anillos-compromiso\/producto\/anillo-de-compromiso-fusion-asa-027\/\"]}]},{\"@type\":\"BreadcrumbList\",\"@id\":\"https:\/\/www.guillenjoyeros.com\/alta-joyeria\/tienda\/anillos-de-compromiso-categorias\/coleccion-frenesi-anillos-compromiso\/unicolor-coleccion-frenesi-anillos-compromiso\/producto\/anillo-de-compromiso-fusion-asa-027\/#breadcrumb\",\"itemListElement\":[{\"@type\":\"ListItem\",\"position\":1,\"name\":\"Portada\",\"item\":\"https:\/\/www.guillenjoyeros.com\/alta-joyeria\/\"},{\"@type\":\"ListItem\",\"position\":2,\"name\":\"Tienda\",\"item\":\"https:\/\/www.guillenjoyeros.com\/alta-joyeria\/tienda\/\"},{\"@type\":\"ListItem\",\"position\":3,\"name\":\"Anillo de compromiso Fusi\u00f3n (ASA-027)\"}]},{\"@type\":\"WebSite\",\"@id\":\"https:\/\/www.guillenjoyeros.com\/alta-joyeria\/#website\",\"url\":\"https:\/\/www.guillenjoyeros.com\/alta-joyeria\/\",\"name\":\"Guillen Joyeros\",\"description\":\"Llevamos m\u00e1s de 20 a\u00f1os de experiencia en el mercado orfebre tanto a nivel nacional como internacional. Actualmente contamos con nuestra nueva l\u00ednea exclusiva dedicada a los anillos de compromiso y alianzas matrimoniales.\",\"potentialAction\":[{\"@type\":\"SearchAction\",\"target\":{\"@type\":\"EntryPoint\",\"urlTemplate\":\"https:\/\/www.guillenjoyeros.com\/alta-joyeria\/?s={search_term_string}\"},\"query-input\":\"required name=search_term_string\"}],\"inLanguage\":\"es\"}]}<\/script>\n<!-- \/ Yoast SEO plugin. -->","yoast_head_json":{"title":"Anillo de compromiso Fusi\u00f3n (ASA-027) - Guillen Joyeros","description":"Elegante anillo de compromiso con un dise\u00f1o espectacular y exclusivo que lleva enjoyado al centro, a trav\u00e9s de movimientos circulares, un asombroso","robots":{"index":"index","follow":"follow","max-snippet":"max-snippet:-1","max-image-preview":"max-image-preview:large","max-video-preview":"max-video-preview:-1"},"canonical":"https:\/\/www.guillenjoyeros.com\/alta-joyeria\/tienda\/anillos-de-compromiso-categorias\/coleccion-frenesi-anillos-compromiso\/unicolor-coleccion-frenesi-anillos-compromiso\/producto\/anillo-de-compromiso-fusion-asa-027\/","og_locale":"es_ES","og_type":"article","og_title":"Anillo de compromiso Fusi\u00f3n (ASA-027) - Guillen Joyeros","og_description":"Elegante anillo de compromiso con un dise\u00f1o espectacular y exclusivo que lleva enjoyado al centro, a trav\u00e9s de movimientos circulares, un asombroso","og_url":"https:\/\/www.guillenjoyeros.com\/alta-joyeria\/tienda\/anillos-de-compromiso-categorias\/coleccion-frenesi-anillos-compromiso\/unicolor-coleccion-frenesi-anillos-compromiso\/producto\/anillo-de-compromiso-fusion-asa-027\/","og_site_name":"Guillen Joyeros","article_publisher":"https:\/\/www.facebook.com\/DGuillenNovias","article_modified_time":"2019-08-26T19:50:40+00:00","og_image":[{"width":1024,"height":1024,"url":"https:\/\/www.guillenjoyeros.com\/alta-joyeria\/wp-content\/uploads\/2017\/06\/ASA-027.jpg","type":"image\/jpeg"}],"twitter_card":"summary","schema":{"@context":"https:\/\/schema.org","@graph":[{"@type":"WebPage","@id":"https:\/\/www.guillenjoyeros.com\/alta-joyeria\/tienda\/anillos-de-compromiso-categorias\/coleccion-frenesi-anillos-compromiso\/unicolor-coleccion-frenesi-anillos-compromiso\/producto\/anillo-de-compromiso-fusion-asa-027\/","url":"https:\/\/www.guillenjoyeros.com\/alta-joyeria\/tienda\/anillos-de-compromiso-categorias\/coleccion-frenesi-anillos-compromiso\/unicolor-coleccion-frenesi-anillos-compromiso\/producto\/anillo-de-compromiso-fusion-asa-027\/","name":"Anillo de compromiso Fusi\u00f3n (ASA-027) - Guillen Joyeros","isPartOf":{"@id":"https:\/\/www.guillenjoyeros.com\/alta-joyeria\/#website"},"datePublished":"2015-10-29T16:29:07+00:00","dateModified":"2019-08-26T19:50:40+00:00","description":"Elegante anillo de compromiso con un dise\u00f1o espectacular y exclusivo que lleva enjoyado al centro, a trav\u00e9s de movimientos circulares, un asombroso","breadcrumb":{"@id":"https:\/\/www.guillenjoyeros.com\/alta-joyeria\/tienda\/anillos-de-compromiso-categorias\/coleccion-frenesi-anillos-compromiso\/unicolor-coleccion-frenesi-anillos-compromiso\/producto\/anillo-de-compromiso-fusion-asa-027\/#breadcrumb"},"inLanguage":"es","potentialAction":[{"@type":"ReadAction","target":["https:\/\/www.guillenjoyeros.com\/alta-joyeria\/tienda\/anillos-de-compromiso-categorias\/coleccion-frenesi-anillos-compromiso\/unicolor-coleccion-frenesi-anillos-compromiso\/producto\/anillo-de-compromiso-fusion-asa-027\/"]}]},{"@type":"BreadcrumbList","@id":"https:\/\/www.guillenjoyeros.com\/alta-joyeria\/tienda\/anillos-de-compromiso-categorias\/coleccion-frenesi-anillos-compromiso\/unicolor-coleccion-frenesi-anillos-compromiso\/producto\/anillo-de-compromiso-fusion-asa-027\/#breadcrumb","itemListElement":[{"@type":"ListItem","position":1,"name":"Portada","item":"https:\/\/www.guillenjoyeros.com\/alta-joyeria\/"},{"@type":"ListItem","position":2,"name":"Tienda","item":"https:\/\/www.guillenjoyeros.com\/alta-joyeria\/tienda\/"},{"@type":"ListItem","position":3,"name":"Anillo de compromiso Fusi\u00f3n (ASA-027)"}]},{"@type":"WebSite","@id":"https:\/\/www.guillenjoyeros.com\/alta-joyeria\/#website","url":"https:\/\/www.guillenjoyeros.com\/alta-joyeria\/","name":"Guillen Joyeros","description":"Llevamos m\u00e1s de 20 a\u00f1os de experiencia en el mercado orfebre tanto a nivel nacional como internacional. Actualmente contamos con nuestra nueva l\u00ednea exclusiva dedicada a los anillos de compromiso y alianzas matrimoniales.","potentialAction":[{"@type":"SearchAction","target":{"@type":"EntryPoint","urlTemplate":"https:\/\/www.guillenjoyeros.com\/alta-joyeria\/?s={search_term_string}"},"query-input":"required name=search_term_string"}],"inLanguage":"es"}]}},"_links":{"self":[{"href":"https:\/\/www.guillenjoyeros.com\/alta-joyeria\/wp-json\/wp\/v2\/product\/417"}],"collection":[{"href":"https:\/\/www.guillenjoyeros.com\/alta-joyeria\/wp-json\/wp\/v2\/product"}],"about":[{"href":"https:\/\/www.guillenjoyeros.com\/alta-joyeria\/wp-json\/wp\/v2\/types\/product"}],"replies":[{"embeddable":true,"href":"https:\/\/www.guillenjoyeros.com\/alta-joyeria\/wp-json\/wp\/v2\/comments?post=417"}],"wp:featuredmedia":[{"embeddable":true,"href":"https:\/\/www.guillenjoyeros.com\/alta-joyeria\/wp-json\/wp\/v2\/media\/6066"}],"wp:attachment":[{"href":"https:\/\/www.guillenjoyeros.com\/alta-joyeria\/wp-json\/wp\/v2\/media?parent=417"}],"wp:term":[{"taxonomy":"product_cat","embeddable":true,"href":"https:\/\/www.guillenjoyeros.com\/alta-joyeria\/wp-json\/wp\/v2\/product_cat?post=417"},{"taxonomy":"product_tag","embeddable":true,"href":"https:\/\/www.guillenjoyeros.com\/alta-joyeria\/wp-json\/wp\/v2\/product_tag?post=417"}],"curies":[{"name":"wp","href":"https:\/\/api.w.org\/{rel}","templated":true}]}}