{"id":260,"date":"2015-10-29T09:58:31","date_gmt":"2015-10-29T14:58:31","guid":{"rendered":"http:\/\/www.guillenjoyeros.com\/alta-joyeria\/?post_type=product&#038;p=260"},"modified":"2019-08-25T06:30:29","modified_gmt":"2019-08-25T11:30:29","slug":"anillo-de-compromiso-condesa-asa-010","status":"publish","type":"product","link":"https:\/\/www.guillenjoyeros.com\/alta-joyeria\/tienda\/anillos-de-compromiso-categorias\/coleccion-enamorate-anillos-compromiso\/unicolor-enamorate-anillos-compromiso\/producto\/anillo-de-compromiso-condesa-asa-010\/","title":{"rendered":"Anillo de compromiso Condesa (ASA-010)"},"content":{"rendered":"<p>Solitario con hermoso dise\u00f1o de estilo vintage, en donde resaltan elegantes galer\u00edas bellamente ornamentadas con peque\u00f1os diamantes de lado y lado, y una sobria corona que sujeta al centro un grandioso diamante de corte redondo brillante \u00a1 ideal para un compromiso !.<\/p>\n","protected":false},"excerpt":{"rendered":"<p>Solitario con hermoso dise\u00f1o de estilo vintage, en donde resaltan elegantes galer\u00edas bellamente ornamentadas con peque\u00f1os diamantes de lado y lado, y una sobria corona que sujeta al centro un grandioso diamante de corte redondo brillante \u00a1 ideal para un compromiso !.<\/p>\n","protected":false},"featured_media":6003,"comment_status":"closed","ping_status":"closed","template":"","meta":{"inline_featured_image":false},"product_cat":[81,140],"product_tag":[34,33,32,31,30],"acf":[],"yoast_head":"<!-- This site is optimized with the Yoast SEO plugin v19.5.1 - https:\/\/yoast.com\/wordpress\/plugins\/seo\/ -->\n<title>Anillo de compromiso Condesa (ASA-010) - Guillen Joyeros<\/title>\n<meta name=\"description\" content=\"Solitario con hermoso dise\u00f1o de estilo vintage, en donde resaltan elegantes galer\u00edas bellamente ornamentadas con peque\u00f1os diamantes de lado y lado, y una\" \/>\n<meta name=\"robots\" content=\"index, follow, max-snippet:-1, max-image-preview:large, max-video-preview:-1\" \/>\n<link rel=\"canonical\" href=\"https:\/\/www.guillenjoyeros.com\/alta-joyeria\/tienda\/anillos-de-compromiso-categorias\/coleccion-enamorate-anillos-compromiso\/unicolor-enamorate-anillos-compromiso\/producto\/anillo-de-compromiso-condesa-asa-010\/\" \/>\n<meta property=\"og:locale\" content=\"es_ES\" \/>\n<meta property=\"og:type\" content=\"article\" \/>\n<meta property=\"og:title\" content=\"Anillo de compromiso Condesa (ASA-010) - Guillen Joyeros\" \/>\n<meta property=\"og:description\" content=\"Solitario con hermoso dise\u00f1o de estilo vintage, en donde resaltan elegantes galer\u00edas bellamente ornamentadas con peque\u00f1os diamantes de lado y lado, y una\" \/>\n<meta property=\"og:url\" content=\"https:\/\/www.guillenjoyeros.com\/alta-joyeria\/tienda\/anillos-de-compromiso-categorias\/coleccion-enamorate-anillos-compromiso\/unicolor-enamorate-anillos-compromiso\/producto\/anillo-de-compromiso-condesa-asa-010\/\" \/>\n<meta property=\"og:site_name\" content=\"Guillen Joyeros\" \/>\n<meta property=\"article:publisher\" content=\"https:\/\/www.facebook.com\/DGuillenNovias\" \/>\n<meta property=\"article:modified_time\" content=\"2019-08-25T11:30:29+00:00\" \/>\n<meta property=\"og:image\" content=\"https:\/\/www.guillenjoyeros.com\/alta-joyeria\/wp-content\/uploads\/2017\/06\/ASA-010.jpg\" \/>\n\t<meta property=\"og:image:width\" content=\"1024\" \/>\n\t<meta property=\"og:image:height\" content=\"1024\" \/>\n\t<meta property=\"og:image:type\" content=\"image\/jpeg\" \/>\n<meta name=\"twitter:card\" content=\"summary\" \/>\n<script type=\"application\/ld+json\" class=\"yoast-schema-graph\">{\"@context\":\"https:\/\/schema.org\",\"@graph\":[{\"@type\":\"WebPage\",\"@id\":\"https:\/\/www.guillenjoyeros.com\/alta-joyeria\/tienda\/anillos-de-compromiso-categorias\/coleccion-enamorate-anillos-compromiso\/unicolor-enamorate-anillos-compromiso\/producto\/anillo-de-compromiso-condesa-asa-010\/\",\"url\":\"https:\/\/www.guillenjoyeros.com\/alta-joyeria\/tienda\/anillos-de-compromiso-categorias\/coleccion-enamorate-anillos-compromiso\/unicolor-enamorate-anillos-compromiso\/producto\/anillo-de-compromiso-condesa-asa-010\/\",\"name\":\"Anillo de compromiso Condesa (ASA-010) - Guillen Joyeros\",\"isPartOf\":{\"@id\":\"https:\/\/www.guillenjoyeros.com\/alta-joyeria\/#website\"},\"datePublished\":\"2015-10-29T14:58:31+00:00\",\"dateModified\":\"2019-08-25T11:30:29+00:00\",\"description\":\"Solitario con hermoso dise\u00f1o de estilo vintage, en donde resaltan elegantes galer\u00edas bellamente ornamentadas con peque\u00f1os diamantes de lado y lado, y una\",\"breadcrumb\":{\"@id\":\"https:\/\/www.guillenjoyeros.com\/alta-joyeria\/tienda\/anillos-de-compromiso-categorias\/coleccion-enamorate-anillos-compromiso\/unicolor-enamorate-anillos-compromiso\/producto\/anillo-de-compromiso-condesa-asa-010\/#breadcrumb\"},\"inLanguage\":\"es\",\"potentialAction\":[{\"@type\":\"ReadAction\",\"target\":[\"https:\/\/www.guillenjoyeros.com\/alta-joyeria\/tienda\/anillos-de-compromiso-categorias\/coleccion-enamorate-anillos-compromiso\/unicolor-enamorate-anillos-compromiso\/producto\/anillo-de-compromiso-condesa-asa-010\/\"]}]},{\"@type\":\"BreadcrumbList\",\"@id\":\"https:\/\/www.guillenjoyeros.com\/alta-joyeria\/tienda\/anillos-de-compromiso-categorias\/coleccion-enamorate-anillos-compromiso\/unicolor-enamorate-anillos-compromiso\/producto\/anillo-de-compromiso-condesa-asa-010\/#breadcrumb\",\"itemListElement\":[{\"@type\":\"ListItem\",\"position\":1,\"name\":\"Portada\",\"item\":\"https:\/\/www.guillenjoyeros.com\/alta-joyeria\/\"},{\"@type\":\"ListItem\",\"position\":2,\"name\":\"Tienda\",\"item\":\"https:\/\/www.guillenjoyeros.com\/alta-joyeria\/tienda\/\"},{\"@type\":\"ListItem\",\"position\":3,\"name\":\"Anillo de compromiso Condesa (ASA-010)\"}]},{\"@type\":\"WebSite\",\"@id\":\"https:\/\/www.guillenjoyeros.com\/alta-joyeria\/#website\",\"url\":\"https:\/\/www.guillenjoyeros.com\/alta-joyeria\/\",\"name\":\"Guillen Joyeros\",\"description\":\"Llevamos m\u00e1s de 20 a\u00f1os de experiencia en el mercado orfebre tanto a nivel nacional como internacional. Actualmente contamos con nuestra nueva l\u00ednea exclusiva dedicada a los anillos de compromiso y alianzas matrimoniales.\",\"potentialAction\":[{\"@type\":\"SearchAction\",\"target\":{\"@type\":\"EntryPoint\",\"urlTemplate\":\"https:\/\/www.guillenjoyeros.com\/alta-joyeria\/?s={search_term_string}\"},\"query-input\":\"required name=search_term_string\"}],\"inLanguage\":\"es\"}]}<\/script>\n<!-- \/ Yoast SEO plugin. -->","yoast_head_json":{"title":"Anillo de compromiso Condesa (ASA-010) - Guillen Joyeros","description":"Solitario con hermoso dise\u00f1o de estilo vintage, en donde resaltan elegantes galer\u00edas bellamente ornamentadas con peque\u00f1os diamantes de lado y lado, y una","robots":{"index":"index","follow":"follow","max-snippet":"max-snippet:-1","max-image-preview":"max-image-preview:large","max-video-preview":"max-video-preview:-1"},"canonical":"https:\/\/www.guillenjoyeros.com\/alta-joyeria\/tienda\/anillos-de-compromiso-categorias\/coleccion-enamorate-anillos-compromiso\/unicolor-enamorate-anillos-compromiso\/producto\/anillo-de-compromiso-condesa-asa-010\/","og_locale":"es_ES","og_type":"article","og_title":"Anillo de compromiso Condesa (ASA-010) - Guillen Joyeros","og_description":"Solitario con hermoso dise\u00f1o de estilo vintage, en donde resaltan elegantes galer\u00edas bellamente ornamentadas con peque\u00f1os diamantes de lado y lado, y una","og_url":"https:\/\/www.guillenjoyeros.com\/alta-joyeria\/tienda\/anillos-de-compromiso-categorias\/coleccion-enamorate-anillos-compromiso\/unicolor-enamorate-anillos-compromiso\/producto\/anillo-de-compromiso-condesa-asa-010\/","og_site_name":"Guillen Joyeros","article_publisher":"https:\/\/www.facebook.com\/DGuillenNovias","article_modified_time":"2019-08-25T11:30:29+00:00","og_image":[{"width":1024,"height":1024,"url":"https:\/\/www.guillenjoyeros.com\/alta-joyeria\/wp-content\/uploads\/2017\/06\/ASA-010.jpg","type":"image\/jpeg"}],"twitter_card":"summary","schema":{"@context":"https:\/\/schema.org","@graph":[{"@type":"WebPage","@id":"https:\/\/www.guillenjoyeros.com\/alta-joyeria\/tienda\/anillos-de-compromiso-categorias\/coleccion-enamorate-anillos-compromiso\/unicolor-enamorate-anillos-compromiso\/producto\/anillo-de-compromiso-condesa-asa-010\/","url":"https:\/\/www.guillenjoyeros.com\/alta-joyeria\/tienda\/anillos-de-compromiso-categorias\/coleccion-enamorate-anillos-compromiso\/unicolor-enamorate-anillos-compromiso\/producto\/anillo-de-compromiso-condesa-asa-010\/","name":"Anillo de compromiso Condesa (ASA-010) - Guillen Joyeros","isPartOf":{"@id":"https:\/\/www.guillenjoyeros.com\/alta-joyeria\/#website"},"datePublished":"2015-10-29T14:58:31+00:00","dateModified":"2019-08-25T11:30:29+00:00","description":"Solitario con hermoso dise\u00f1o de estilo vintage, en donde resaltan elegantes galer\u00edas bellamente ornamentadas con peque\u00f1os diamantes de lado y lado, y una","breadcrumb":{"@id":"https:\/\/www.guillenjoyeros.com\/alta-joyeria\/tienda\/anillos-de-compromiso-categorias\/coleccion-enamorate-anillos-compromiso\/unicolor-enamorate-anillos-compromiso\/producto\/anillo-de-compromiso-condesa-asa-010\/#breadcrumb"},"inLanguage":"es","potentialAction":[{"@type":"ReadAction","target":["https:\/\/www.guillenjoyeros.com\/alta-joyeria\/tienda\/anillos-de-compromiso-categorias\/coleccion-enamorate-anillos-compromiso\/unicolor-enamorate-anillos-compromiso\/producto\/anillo-de-compromiso-condesa-asa-010\/"]}]},{"@type":"BreadcrumbList","@id":"https:\/\/www.guillenjoyeros.com\/alta-joyeria\/tienda\/anillos-de-compromiso-categorias\/coleccion-enamorate-anillos-compromiso\/unicolor-enamorate-anillos-compromiso\/producto\/anillo-de-compromiso-condesa-asa-010\/#breadcrumb","itemListElement":[{"@type":"ListItem","position":1,"name":"Portada","item":"https:\/\/www.guillenjoyeros.com\/alta-joyeria\/"},{"@type":"ListItem","position":2,"name":"Tienda","item":"https:\/\/www.guillenjoyeros.com\/alta-joyeria\/tienda\/"},{"@type":"ListItem","position":3,"name":"Anillo de compromiso Condesa (ASA-010)"}]},{"@type":"WebSite","@id":"https:\/\/www.guillenjoyeros.com\/alta-joyeria\/#website","url":"https:\/\/www.guillenjoyeros.com\/alta-joyeria\/","name":"Guillen Joyeros","description":"Llevamos m\u00e1s de 20 a\u00f1os de experiencia en el mercado orfebre tanto a nivel nacional como internacional. Actualmente contamos con nuestra nueva l\u00ednea exclusiva dedicada a los anillos de compromiso y alianzas matrimoniales.","potentialAction":[{"@type":"SearchAction","target":{"@type":"EntryPoint","urlTemplate":"https:\/\/www.guillenjoyeros.com\/alta-joyeria\/?s={search_term_string}"},"query-input":"required name=search_term_string"}],"inLanguage":"es"}]}},"_links":{"self":[{"href":"https:\/\/www.guillenjoyeros.com\/alta-joyeria\/wp-json\/wp\/v2\/product\/260"}],"collection":[{"href":"https:\/\/www.guillenjoyeros.com\/alta-joyeria\/wp-json\/wp\/v2\/product"}],"about":[{"href":"https:\/\/www.guillenjoyeros.com\/alta-joyeria\/wp-json\/wp\/v2\/types\/product"}],"replies":[{"embeddable":true,"href":"https:\/\/www.guillenjoyeros.com\/alta-joyeria\/wp-json\/wp\/v2\/comments?post=260"}],"wp:featuredmedia":[{"embeddable":true,"href":"https:\/\/www.guillenjoyeros.com\/alta-joyeria\/wp-json\/wp\/v2\/media\/6003"}],"wp:attachment":[{"href":"https:\/\/www.guillenjoyeros.com\/alta-joyeria\/wp-json\/wp\/v2\/media?parent=260"}],"wp:term":[{"taxonomy":"product_cat","embeddable":true,"href":"https:\/\/www.guillenjoyeros.com\/alta-joyeria\/wp-json\/wp\/v2\/product_cat?post=260"},{"taxonomy":"product_tag","embeddable":true,"href":"https:\/\/www.guillenjoyeros.com\/alta-joyeria\/wp-json\/wp\/v2\/product_tag?post=260"}],"curies":[{"name":"wp","href":"https:\/\/api.w.org\/{rel}","templated":true}]}}