{"id":965,"date":"2015-11-11T13:28:31","date_gmt":"2015-11-11T18:28:31","guid":{"rendered":"http:\/\/www.guillenjoyeros.com\/alta-joyeria\/?page_id=965"},"modified":"2019-04-23T14:48:54","modified_gmt":"2019-04-23T19:48:54","slug":"ver-talla-2","status":"publish","type":"page","link":"https:\/\/www.guillenjoyeros.com\/alta-joyeria\/ver-talla-2\/","title":{"rendered":"VER TALLA"},"content":{"rendered":"<p style=\"text-align: center;\"><strong>GU\u00cdA DE MEDIDAS PARA SU ANILLO<\/strong><\/p>\n<p><strong>\u00bfC\u00d3MO USAR ESTA GU\u00cdA?<\/strong><\/p>\n<ul>\n<li>Use una regla para confirmar el tama\u00f1o del papel impreso en el cuadro de la parte inferior.<\/li>\n<li>Tire con fuerza (el medidor debe encajar perfectamente para producir una medida exacta).<\/li>\n<li>Mida su dedo en el momento del d\u00eda en que su mano est\u00e9 m\u00e1s ejercitada (por lo general al final del d\u00eda).<\/li>\n<li>Evite la medici\u00f3n de sus dedos cuando est\u00e1n fr\u00edos o h\u00famedos, ya que estar\u00e1n m\u00e1s delgados<\/li>\n<li>Alianzas y anillos de compromiso de m\u00e1s de 5mm de ancho pueden encajar m\u00e1s ajustados en su dedo que los anillos de la misma medida pero con un ancho inferior a 5mm<\/li>\n<\/ul>\n<p style=\"text-align: center;\">\n<img loading=\"lazy\" class=\"img-responsive imgweb-pagina aligncenter\" src=\"https:\/\/www.guillenjoyeros.com\/alta-joyeria\/wp-content\/uploads\/2015\/11\/cofirmar-tamano-01-01.svg\" alt=\"\" width=\"443px\" height=\"238px\" \/>\n<\/p>\n<p><strong>OPCI\u00d3N 1<\/strong><\/p>\n<p><strong>CREA TU PROPIO ANILLO<\/strong><\/p>\n<ol>\n<li style=\"list-style-type: none;\">\n<ol>\n<li>Recorte el medidor de anillos.<\/li>\n<li>Envuelva el medidor de anillos \u00a0alrededor de la parte m\u00e1s ancha del dedo previsto, de modo que los n\u00fameros sean visibles para usted e inserte la punta a trav\u00e9s de la rendija que ha hecho en el medidor.<\/li>\n<li>Anote el n\u00famero que se alinea con la ranura \u00a1Esta es su talla de anillo!<\/li>\n<\/ol>\n<\/li>\n<\/ol>\n<p>Tenga en cuenta que los tama\u00f1os de los cuartos de talla tambi\u00e9n\u00a0 est\u00e1n considerados si su medidor indica que se encuentra entre enteros y medios tama\u00f1os.<\/p>\n<p>&nbsp;<\/p>\n<p style=\"text-align: center;\">\n<img loading=\"lazy\" class=\"img-responsive imgweb-pagina aligncenter\" src=\"https:\/\/www.guillenjoyeros.com\/alta-joyeria\/wp-content\/uploads\/2015\/11\/probador-01.svg\" alt=\"\" width=\"70%\" height=\"auto\" \/>\n<\/p>\n<p><strong>OPCI\u00d3N 2<\/strong><\/p>\n<p>MEDIR UN ANILLO R\u00c1PIDAMENTE<\/p>\n<ol>\n<li>Elegir un anillo que ajuste correctamente en el dedo deseado (el anillo de compromiso y alianza de boda se usan en el dedo anular de la mano izquierda).<\/li>\n<li>Coloque el anillo sobre cada uno de los c\u00edrculos que se muestran en el gr\u00e1fico inferior hasta que la silueta interior del anillo se ajuste de la manera m\u00e1s precisa.<\/li>\n<\/ol>\n<p>Si el anillo se encuentra entre dos medidas, su medida ser\u00e1 la del medio<\/p>\n<p style=\"text-align: center;\">\n<img loading=\"lazy\" class=\"img-responsive imgweb-pagina aligncenter\" src=\"https:\/\/www.guillenjoyeros.com\/alta-joyeria\/wp-content\/uploads\/2015\/11\/circulos-anillos.svg\" alt=\"\" width=\"70%\" height=\"auto\" \/>\n<\/p>\n<p>&nbsp;<\/p>\n<h4 style=\"text-align: center; padding: 20px;\"><strong><a class=\"boton-descargar\" href=\"https:\/\/www.guillenjoyeros.com\/alta-joyeria\/wp-content\/uploads\/2017\/01\/Pagina-de-medida-de-tallas.pdf\">DESCARGAR<\/a><\/strong><\/h4>\n<p style=\"text-align: center;\"><a class=\"boton-descargar\" href=\"https:\/\/www.guillenjoyeros.com\/alta-joyeria\/formulario-talla\/\">SOLICITAR ANILLERA GRATIS<\/a><\/p>\n","protected":false},"excerpt":{"rendered":"<p>GU\u00cdA DE MEDIDAS PARA SU ANILLO \u00bfC\u00d3MO USAR ESTA GU\u00cdA? Use una regla para confirmar el tama\u00f1o del papel impreso en el cuadro de la parte inferior. Tire con fuerza (el medidor debe encajar perfectamente para producir una medida exacta). Mida su dedo en el momento del d\u00eda en que su mano est\u00e9 m\u00e1s ejercitada [&hellip;]<\/p>\n","protected":false},"author":1,"featured_media":0,"parent":0,"menu_order":0,"comment_status":"closed","ping_status":"closed","template":"","meta":{"inline_featured_image":false},"acf":[],"yoast_head":"<!-- This site is optimized with the Yoast SEO plugin v19.5.1 - https:\/\/yoast.com\/wordpress\/plugins\/seo\/ -->\n<title>VER TALLA - Guillen Joyeros<\/title>\n<meta name=\"description\" content=\"GU\u00cdA DE MEDIDAS PARA SU ANILLO \u00bfC\u00d3MO USAR ESTA GU\u00cdA? Use una regla para confirmar el tama\u00f1o del papel impreso en el cuadro de la parte inferior. Tire con\" \/>\n<meta name=\"robots\" content=\"index, follow, max-snippet:-1, max-image-preview:large, max-video-preview:-1\" \/>\n<link rel=\"canonical\" href=\"https:\/\/www.guillenjoyeros.com\/alta-joyeria\/ver-talla-2\/\" \/>\n<meta property=\"og:locale\" content=\"es_ES\" \/>\n<meta property=\"og:type\" content=\"article\" \/>\n<meta property=\"og:title\" content=\"Conozca su talla de anillo f\u00e1cilmente\" \/>\n<meta property=\"og:description\" content=\"GU\u00cdA DE MEDIDAS PARA SU ANILLO \u00bfC\u00d3MO USAR ESTA GU\u00cdA? Use una regla para confirmar el tama\u00f1o del papel impreso en el cuadro de la parte inferior. Tire con\" \/>\n<meta property=\"og:url\" content=\"https:\/\/www.guillenjoyeros.com\/alta-joyeria\/ver-talla-2\/\" \/>\n<meta property=\"og:site_name\" content=\"Guillen Joyeros\" \/>\n<meta property=\"article:publisher\" content=\"https:\/\/www.facebook.com\/DGuillenNovias\" \/>\n<meta property=\"article:modified_time\" content=\"2019-04-23T19:48:54+00:00\" \/>\n<meta property=\"og:image\" content=\"https:\/\/www.guillenjoyeros.com\/alta-joyeria\/wp-content\/uploads\/2015\/11\/medidor-de-anilos.png\" \/>\n\t<meta property=\"og:image:width\" content=\"1200\" \/>\n\t<meta property=\"og:image:height\" content=\"683\" \/>\n\t<meta property=\"og:image:type\" content=\"image\/png\" \/>\n<meta name=\"twitter:card\" content=\"summary\" \/>\n<meta name=\"twitter:label1\" content=\"Tiempo de lectura\" \/>\n\t<meta name=\"twitter:data1\" content=\"2 minutos\" \/>\n<script type=\"application\/ld+json\" class=\"yoast-schema-graph\">{\"@context\":\"https:\/\/schema.org\",\"@graph\":[{\"@type\":\"WebPage\",\"@id\":\"https:\/\/www.guillenjoyeros.com\/alta-joyeria\/ver-talla-2\/\",\"url\":\"https:\/\/www.guillenjoyeros.com\/alta-joyeria\/ver-talla-2\/\",\"name\":\"VER TALLA - Guillen Joyeros\",\"isPartOf\":{\"@id\":\"https:\/\/www.guillenjoyeros.com\/alta-joyeria\/#website\"},\"datePublished\":\"2015-11-11T18:28:31+00:00\",\"dateModified\":\"2019-04-23T19:48:54+00:00\",\"description\":\"GU\u00cdA DE MEDIDAS PARA SU ANILLO \u00bfC\u00d3MO USAR ESTA GU\u00cdA? Use una regla para confirmar el tama\u00f1o del papel impreso en el cuadro de la parte inferior. Tire con\",\"breadcrumb\":{\"@id\":\"https:\/\/www.guillenjoyeros.com\/alta-joyeria\/ver-talla-2\/#breadcrumb\"},\"inLanguage\":\"es\",\"potentialAction\":[{\"@type\":\"ReadAction\",\"target\":[\"https:\/\/www.guillenjoyeros.com\/alta-joyeria\/ver-talla-2\/\"]}]},{\"@type\":\"BreadcrumbList\",\"@id\":\"https:\/\/www.guillenjoyeros.com\/alta-joyeria\/ver-talla-2\/#breadcrumb\",\"itemListElement\":[{\"@type\":\"ListItem\",\"position\":1,\"name\":\"Portada\",\"item\":\"https:\/\/www.guillenjoyeros.com\/alta-joyeria\/\"},{\"@type\":\"ListItem\",\"position\":2,\"name\":\"VER TALLA\"}]},{\"@type\":\"WebSite\",\"@id\":\"https:\/\/www.guillenjoyeros.com\/alta-joyeria\/#website\",\"url\":\"https:\/\/www.guillenjoyeros.com\/alta-joyeria\/\",\"name\":\"Guillen Joyeros\",\"description\":\"Llevamos m\u00e1s de 20 a\u00f1os de experiencia en el mercado orfebre tanto a nivel nacional como internacional. Actualmente contamos con nuestra nueva l\u00ednea exclusiva dedicada a los anillos de compromiso y alianzas matrimoniales.\",\"potentialAction\":[{\"@type\":\"SearchAction\",\"target\":{\"@type\":\"EntryPoint\",\"urlTemplate\":\"https:\/\/www.guillenjoyeros.com\/alta-joyeria\/?s={search_term_string}\"},\"query-input\":\"required name=search_term_string\"}],\"inLanguage\":\"es\"}]}<\/script>\n<!-- \/ Yoast SEO plugin. -->","yoast_head_json":{"title":"VER TALLA - Guillen Joyeros","description":"GU\u00cdA DE MEDIDAS PARA SU ANILLO \u00bfC\u00d3MO USAR ESTA GU\u00cdA? Use una regla para confirmar el tama\u00f1o del papel impreso en el cuadro de la parte inferior. Tire con","robots":{"index":"index","follow":"follow","max-snippet":"max-snippet:-1","max-image-preview":"max-image-preview:large","max-video-preview":"max-video-preview:-1"},"canonical":"https:\/\/www.guillenjoyeros.com\/alta-joyeria\/ver-talla-2\/","og_locale":"es_ES","og_type":"article","og_title":"Conozca su talla de anillo f\u00e1cilmente","og_description":"GU\u00cdA DE MEDIDAS PARA SU ANILLO \u00bfC\u00d3MO USAR ESTA GU\u00cdA? Use una regla para confirmar el tama\u00f1o del papel impreso en el cuadro de la parte inferior. Tire con","og_url":"https:\/\/www.guillenjoyeros.com\/alta-joyeria\/ver-talla-2\/","og_site_name":"Guillen Joyeros","article_publisher":"https:\/\/www.facebook.com\/DGuillenNovias","article_modified_time":"2019-04-23T19:48:54+00:00","og_image":[{"width":1200,"height":683,"url":"https:\/\/www.guillenjoyeros.com\/alta-joyeria\/wp-content\/uploads\/2015\/11\/medidor-de-anilos.png","type":"image\/png"}],"twitter_card":"summary","twitter_misc":{"Tiempo de lectura":"2 minutos"},"schema":{"@context":"https:\/\/schema.org","@graph":[{"@type":"WebPage","@id":"https:\/\/www.guillenjoyeros.com\/alta-joyeria\/ver-talla-2\/","url":"https:\/\/www.guillenjoyeros.com\/alta-joyeria\/ver-talla-2\/","name":"VER TALLA - Guillen Joyeros","isPartOf":{"@id":"https:\/\/www.guillenjoyeros.com\/alta-joyeria\/#website"},"datePublished":"2015-11-11T18:28:31+00:00","dateModified":"2019-04-23T19:48:54+00:00","description":"GU\u00cdA DE MEDIDAS PARA SU ANILLO \u00bfC\u00d3MO USAR ESTA GU\u00cdA? Use una regla para confirmar el tama\u00f1o del papel impreso en el cuadro de la parte inferior. Tire con","breadcrumb":{"@id":"https:\/\/www.guillenjoyeros.com\/alta-joyeria\/ver-talla-2\/#breadcrumb"},"inLanguage":"es","potentialAction":[{"@type":"ReadAction","target":["https:\/\/www.guillenjoyeros.com\/alta-joyeria\/ver-talla-2\/"]}]},{"@type":"BreadcrumbList","@id":"https:\/\/www.guillenjoyeros.com\/alta-joyeria\/ver-talla-2\/#breadcrumb","itemListElement":[{"@type":"ListItem","position":1,"name":"Portada","item":"https:\/\/www.guillenjoyeros.com\/alta-joyeria\/"},{"@type":"ListItem","position":2,"name":"VER TALLA"}]},{"@type":"WebSite","@id":"https:\/\/www.guillenjoyeros.com\/alta-joyeria\/#website","url":"https:\/\/www.guillenjoyeros.com\/alta-joyeria\/","name":"Guillen Joyeros","description":"Llevamos m\u00e1s de 20 a\u00f1os de experiencia en el mercado orfebre tanto a nivel nacional como internacional. Actualmente contamos con nuestra nueva l\u00ednea exclusiva dedicada a los anillos de compromiso y alianzas matrimoniales.","potentialAction":[{"@type":"SearchAction","target":{"@type":"EntryPoint","urlTemplate":"https:\/\/www.guillenjoyeros.com\/alta-joyeria\/?s={search_term_string}"},"query-input":"required name=search_term_string"}],"inLanguage":"es"}]}},"_links":{"self":[{"href":"https:\/\/www.guillenjoyeros.com\/alta-joyeria\/wp-json\/wp\/v2\/pages\/965"}],"collection":[{"href":"https:\/\/www.guillenjoyeros.com\/alta-joyeria\/wp-json\/wp\/v2\/pages"}],"about":[{"href":"https:\/\/www.guillenjoyeros.com\/alta-joyeria\/wp-json\/wp\/v2\/types\/page"}],"author":[{"embeddable":true,"href":"https:\/\/www.guillenjoyeros.com\/alta-joyeria\/wp-json\/wp\/v2\/users\/1"}],"replies":[{"embeddable":true,"href":"https:\/\/www.guillenjoyeros.com\/alta-joyeria\/wp-json\/wp\/v2\/comments?post=965"}],"version-history":[{"count":43,"href":"https:\/\/www.guillenjoyeros.com\/alta-joyeria\/wp-json\/wp\/v2\/pages\/965\/revisions"}],"predecessor-version":[{"id":9422,"href":"https:\/\/www.guillenjoyeros.com\/alta-joyeria\/wp-json\/wp\/v2\/pages\/965\/revisions\/9422"}],"wp:attachment":[{"href":"https:\/\/www.guillenjoyeros.com\/alta-joyeria\/wp-json\/wp\/v2\/media?parent=965"}],"curies":[{"name":"wp","href":"https:\/\/api.w.org\/{rel}","templated":true}]}}