{"id":9388,"date":"2019-04-22T18:28:57","date_gmt":"2019-04-22T23:28:57","guid":{"rendered":"https:\/\/www.guillenjoyeros.com\/alta-joyeria?page_id=9388"},"modified":"2019-04-22T18:35:16","modified_gmt":"2019-04-22T23:35:16","slug":"certificacion-del-diamante","status":"publish","type":"page","link":"https:\/\/www.guillenjoyeros.com\/alta-joyeria\/certificacion-del-diamante\/","title":{"rendered":"Certificaci\u00f3n del Diamante"},"content":{"rendered":"<p>Guillen Joyeros cuenta con diamantes certificados que incluyen los reportes de graduaci\u00f3n de los mismos, algunos de los cuales \u00a0son otorgados por los laboratorios m\u00e1s acreditados\u00a0 de la industria del diamante; <strong>GIA<\/strong>\u00a0(Gemological Institute Of America),\u00a0<strong>AGSL<\/strong>\u00a0(American Gem Society Laboratories),\u00a0<strong>EGL USA<\/strong>\u00a0 (European Gemological Laboratory), quienes son reconocidos mundialmente por su coherencia, objetividad y consistencia en sus sistemas de graduaci\u00f3n.<\/p>\n<p>Adem\u00e1s en Guillen Joyeros contamos con profesionales certificados por el GIA, quienes estar\u00e1n gustosos de asesorarle en la selecci\u00f3n de su diamante.<\/p>\n","protected":false},"excerpt":{"rendered":"<p>Guillen Joyeros cuenta con diamantes certificados que incluyen los reportes de graduaci\u00f3n de los mismos, algunos de los cuales \u00a0son otorgados por los laboratorios m\u00e1s acreditados\u00a0 de la industria del diamante; GIA\u00a0(Gemological Institute Of America),\u00a0AGSL\u00a0(American Gem Society Laboratories),\u00a0EGL USA\u00a0 (European Gemological Laboratory), quienes son reconocidos mundialmente por su coherencia, objetividad y consistencia en sus sistemas [&hellip;]<\/p>\n","protected":false},"author":1,"featured_media":2630,"parent":0,"menu_order":0,"comment_status":"closed","ping_status":"closed","template":"","meta":{"inline_featured_image":false},"acf":[],"yoast_head":"<!-- This site is optimized with the Yoast SEO plugin v19.5.1 - https:\/\/yoast.com\/wordpress\/plugins\/seo\/ -->\n<title>Certificaci\u00f3n del Diamante - Guillen Joyeros<\/title>\n<meta name=\"description\" content=\"Guillen Joyeros cuenta con diamantes certificados que incluyen los reportes de graduaci\u00f3n de los mismos, algunos de los cuales \u00a0son otorgados por los\" \/>\n<meta name=\"robots\" content=\"index, follow, max-snippet:-1, max-image-preview:large, max-video-preview:-1\" \/>\n<link rel=\"canonical\" href=\"https:\/\/www.guillenjoyeros.com\/alta-joyeria\/certificacion-del-diamante\/\" \/>\n<meta property=\"og:locale\" content=\"es_ES\" \/>\n<meta property=\"og:type\" content=\"article\" \/>\n<meta property=\"og:title\" content=\"Certificaci\u00f3n del Diamante - Guillen Joyeros\" \/>\n<meta property=\"og:description\" content=\"Guillen Joyeros cuenta con diamantes certificados que incluyen los reportes de graduaci\u00f3n de los mismos, algunos de los cuales \u00a0son otorgados por los\" \/>\n<meta property=\"og:url\" content=\"https:\/\/www.guillenjoyeros.com\/alta-joyeria\/certificacion-del-diamante\/\" \/>\n<meta property=\"og:site_name\" content=\"Guillen Joyeros\" \/>\n<meta property=\"article:publisher\" content=\"https:\/\/www.facebook.com\/DGuillenNovias\" \/>\n<meta property=\"article:modified_time\" content=\"2019-04-22T23:35:16+00:00\" \/>\n<meta property=\"og:image\" content=\"https:\/\/www.guillenjoyeros.com\/alta-joyeria\/wp-content\/uploads\/2015\/09\/certificados.jpg\" \/>\n\t<meta property=\"og:image:width\" content=\"1293\" \/>\n\t<meta property=\"og:image:height\" content=\"910\" \/>\n\t<meta property=\"og:image:type\" content=\"image\/jpeg\" \/>\n<meta name=\"twitter:card\" content=\"summary\" \/>\n<script type=\"application\/ld+json\" class=\"yoast-schema-graph\">{\"@context\":\"https:\/\/schema.org\",\"@graph\":[{\"@type\":\"WebPage\",\"@id\":\"https:\/\/www.guillenjoyeros.com\/alta-joyeria\/certificacion-del-diamante\/\",\"url\":\"https:\/\/www.guillenjoyeros.com\/alta-joyeria\/certificacion-del-diamante\/\",\"name\":\"Certificaci\u00f3n del Diamante - Guillen Joyeros\",\"isPartOf\":{\"@id\":\"https:\/\/www.guillenjoyeros.com\/alta-joyeria\/#website\"},\"datePublished\":\"2019-04-22T23:28:57+00:00\",\"dateModified\":\"2019-04-22T23:35:16+00:00\",\"description\":\"Guillen Joyeros cuenta con diamantes certificados que incluyen los reportes de graduaci\u00f3n de los mismos, algunos de los cuales \u00a0son otorgados por los\",\"breadcrumb\":{\"@id\":\"https:\/\/www.guillenjoyeros.com\/alta-joyeria\/certificacion-del-diamante\/#breadcrumb\"},\"inLanguage\":\"es\",\"potentialAction\":[{\"@type\":\"ReadAction\",\"target\":[\"https:\/\/www.guillenjoyeros.com\/alta-joyeria\/certificacion-del-diamante\/\"]}]},{\"@type\":\"BreadcrumbList\",\"@id\":\"https:\/\/www.guillenjoyeros.com\/alta-joyeria\/certificacion-del-diamante\/#breadcrumb\",\"itemListElement\":[{\"@type\":\"ListItem\",\"position\":1,\"name\":\"Portada\",\"item\":\"https:\/\/www.guillenjoyeros.com\/alta-joyeria\/\"},{\"@type\":\"ListItem\",\"position\":2,\"name\":\"Certificaci\u00f3n del Diamante\"}]},{\"@type\":\"WebSite\",\"@id\":\"https:\/\/www.guillenjoyeros.com\/alta-joyeria\/#website\",\"url\":\"https:\/\/www.guillenjoyeros.com\/alta-joyeria\/\",\"name\":\"Guillen Joyeros\",\"description\":\"Llevamos m\u00e1s de 20 a\u00f1os de experiencia en el mercado orfebre tanto a nivel nacional como internacional. Actualmente contamos con nuestra nueva l\u00ednea exclusiva dedicada a los anillos de compromiso y alianzas matrimoniales.\",\"potentialAction\":[{\"@type\":\"SearchAction\",\"target\":{\"@type\":\"EntryPoint\",\"urlTemplate\":\"https:\/\/www.guillenjoyeros.com\/alta-joyeria\/?s={search_term_string}\"},\"query-input\":\"required name=search_term_string\"}],\"inLanguage\":\"es\"}]}<\/script>\n<!-- \/ Yoast SEO plugin. -->","yoast_head_json":{"title":"Certificaci\u00f3n del Diamante - Guillen Joyeros","description":"Guillen Joyeros cuenta con diamantes certificados que incluyen los reportes de graduaci\u00f3n de los mismos, algunos de los cuales \u00a0son otorgados por los","robots":{"index":"index","follow":"follow","max-snippet":"max-snippet:-1","max-image-preview":"max-image-preview:large","max-video-preview":"max-video-preview:-1"},"canonical":"https:\/\/www.guillenjoyeros.com\/alta-joyeria\/certificacion-del-diamante\/","og_locale":"es_ES","og_type":"article","og_title":"Certificaci\u00f3n del Diamante - Guillen Joyeros","og_description":"Guillen Joyeros cuenta con diamantes certificados que incluyen los reportes de graduaci\u00f3n de los mismos, algunos de los cuales \u00a0son otorgados por los","og_url":"https:\/\/www.guillenjoyeros.com\/alta-joyeria\/certificacion-del-diamante\/","og_site_name":"Guillen Joyeros","article_publisher":"https:\/\/www.facebook.com\/DGuillenNovias","article_modified_time":"2019-04-22T23:35:16+00:00","og_image":[{"width":1293,"height":910,"url":"https:\/\/www.guillenjoyeros.com\/alta-joyeria\/wp-content\/uploads\/2015\/09\/certificados.jpg","type":"image\/jpeg"}],"twitter_card":"summary","schema":{"@context":"https:\/\/schema.org","@graph":[{"@type":"WebPage","@id":"https:\/\/www.guillenjoyeros.com\/alta-joyeria\/certificacion-del-diamante\/","url":"https:\/\/www.guillenjoyeros.com\/alta-joyeria\/certificacion-del-diamante\/","name":"Certificaci\u00f3n del Diamante - Guillen Joyeros","isPartOf":{"@id":"https:\/\/www.guillenjoyeros.com\/alta-joyeria\/#website"},"datePublished":"2019-04-22T23:28:57+00:00","dateModified":"2019-04-22T23:35:16+00:00","description":"Guillen Joyeros cuenta con diamantes certificados que incluyen los reportes de graduaci\u00f3n de los mismos, algunos de los cuales \u00a0son otorgados por los","breadcrumb":{"@id":"https:\/\/www.guillenjoyeros.com\/alta-joyeria\/certificacion-del-diamante\/#breadcrumb"},"inLanguage":"es","potentialAction":[{"@type":"ReadAction","target":["https:\/\/www.guillenjoyeros.com\/alta-joyeria\/certificacion-del-diamante\/"]}]},{"@type":"BreadcrumbList","@id":"https:\/\/www.guillenjoyeros.com\/alta-joyeria\/certificacion-del-diamante\/#breadcrumb","itemListElement":[{"@type":"ListItem","position":1,"name":"Portada","item":"https:\/\/www.guillenjoyeros.com\/alta-joyeria\/"},{"@type":"ListItem","position":2,"name":"Certificaci\u00f3n del Diamante"}]},{"@type":"WebSite","@id":"https:\/\/www.guillenjoyeros.com\/alta-joyeria\/#website","url":"https:\/\/www.guillenjoyeros.com\/alta-joyeria\/","name":"Guillen Joyeros","description":"Llevamos m\u00e1s de 20 a\u00f1os de experiencia en el mercado orfebre tanto a nivel nacional como internacional. Actualmente contamos con nuestra nueva l\u00ednea exclusiva dedicada a los anillos de compromiso y alianzas matrimoniales.","potentialAction":[{"@type":"SearchAction","target":{"@type":"EntryPoint","urlTemplate":"https:\/\/www.guillenjoyeros.com\/alta-joyeria\/?s={search_term_string}"},"query-input":"required name=search_term_string"}],"inLanguage":"es"}]}},"_links":{"self":[{"href":"https:\/\/www.guillenjoyeros.com\/alta-joyeria\/wp-json\/wp\/v2\/pages\/9388"}],"collection":[{"href":"https:\/\/www.guillenjoyeros.com\/alta-joyeria\/wp-json\/wp\/v2\/pages"}],"about":[{"href":"https:\/\/www.guillenjoyeros.com\/alta-joyeria\/wp-json\/wp\/v2\/types\/page"}],"author":[{"embeddable":true,"href":"https:\/\/www.guillenjoyeros.com\/alta-joyeria\/wp-json\/wp\/v2\/users\/1"}],"replies":[{"embeddable":true,"href":"https:\/\/www.guillenjoyeros.com\/alta-joyeria\/wp-json\/wp\/v2\/comments?post=9388"}],"version-history":[{"count":2,"href":"https:\/\/www.guillenjoyeros.com\/alta-joyeria\/wp-json\/wp\/v2\/pages\/9388\/revisions"}],"predecessor-version":[{"id":9390,"href":"https:\/\/www.guillenjoyeros.com\/alta-joyeria\/wp-json\/wp\/v2\/pages\/9388\/revisions\/9390"}],"wp:featuredmedia":[{"embeddable":true,"href":"https:\/\/www.guillenjoyeros.com\/alta-joyeria\/wp-json\/wp\/v2\/media\/2630"}],"wp:attachment":[{"href":"https:\/\/www.guillenjoyeros.com\/alta-joyeria\/wp-json\/wp\/v2\/media?parent=9388"}],"curies":[{"name":"wp","href":"https:\/\/api.w.org\/{rel}","templated":true}]}}