{"id":33,"date":"2015-09-10T15:47:45","date_gmt":"2015-09-10T20:47:45","guid":{"rendered":"http:\/\/www.guillenjoyeros.com\/alta-joyeria\/?page_id=33"},"modified":"2019-04-22T18:26:21","modified_gmt":"2019-04-22T23:26:21","slug":"las-4-cs-del-diamante","status":"publish","type":"page","link":"https:\/\/www.guillenjoyeros.com\/alta-joyeria\/las-4-cs-del-diamante\/","title":{"rendered":"LAS 4 C DEL DIAMANTE"},"content":{"rendered":"<table>\n<tbody>\n<tr>\n<td style=\"vertical-align: top; padding: 20px; width: 50%;\">\n<p style=\"text-align: center;\"><strong>Claridad<\/strong><\/p>\n<p style=\"text-align: justify;\">Se refiere a su claridad o pureza, es decir la cantidad de\u00a0 impurezas o manchas \u00a0en el interior y en la superficie de un diamante, as\u00ed como el lugar en que estas se encuentren.<\/p>\n<p style=\"text-align: justify;\">Un diamante perfectamente claro es lo m\u00e1s deseable y tendr\u00e1 la m\u00e1s alta calificaci\u00f3n de claridad. Las inclusiones\u00a0 disminuir\u00e1n la claridad del diamante, y por lo tanto, su valor. Incluso los diamantes fantas\u00eda (diamantes de color intenso y uniforme) poseen calificaci\u00f3n de claridad, y tendr\u00e1n un mayor valor basado en qu\u00e9 tan perfectos y uniformes son y en qu\u00e9 cantidad de defectos tengan los mismos.<\/p>\n<p><img loading=\"lazy\" class=\"img-responsive imgweb-pagina aligncenter\" src=\"https:\/\/www.guillenjoyeros.com\/alta-joyeria\/wp-content\/uploads\/2015\/09\/las4cs-01.jpg\" alt=\"\" width=\"100%\" height=\"auto\" \/><\/td>\n<td style=\"vertical-align: top; padding: 20px;\">\n<p style=\"text-align: center;\"><strong>Color<\/strong><\/p>\n<p style=\"text-align: justify;\">Se refiere a la ausencia de color en diamantes blancos o al color o los colores en diamantes fantas\u00eda.<\/p>\n<p style=\"text-align: justify;\">Los diamantes blancos pueden ser completamente incoloros o poseer un tono amarillento, pero incluso los m\u00e1s amarillos de los diamantes blancos son mucho menos coloridos que un diamante fantas\u00eda amarillo. Cu\u00e1nto menos color contenga un diamante blanco, m\u00e1s valioso este ser\u00e1.<\/p>\n<p style=\"text-align: justify;\">Los colores de los diamantes fantas\u00eda incluyen rojo, azul, rosado, verde, naranja, amarillo, negro y marr\u00f3n, y un diamante puede incluir m\u00e1s de un color. Los diamante fantas\u00eda, siendo menos comunes que los diamantes blancos, pueden ser m\u00e1s valiosos, dependiendo de su nivel de pureza y tama\u00f1o.<\/p>\n<p><img loading=\"lazy\" class=\"size-full imgweb-pagina aligncenter\" src=\"https:\/\/www.guillenjoyeros.com\/alta-joyeria\/wp-content\/uploads\/2015\/09\/las4cs-02.jpg\" alt=\"las4cs-02\" width=\"100%\" height=\"auto\" \/><\/td>\n<\/tr>\n<tr>\n<td style=\"vertical-align: top; padding: 20px;\">\n<p style=\"text-align: center;\"><strong>Peso en Quilates<\/strong><\/p>\n<p style=\"text-align: justify;\">Se refiere al peso de un diamante. El t\u00e9rmino en s\u00ed mismo es derivado del fruto del algarrobo, cuyo peso uniforme de las semillas fue utilizado en el pasado como una medida comparativa para el pesaje de los diamantes y otros peque\u00f1os, pero valiosos art\u00edculos.<\/p>\n<p style=\"text-align: justify;\">Un quilate es igual a 0,20 gramos, y se subdivide en 100 puntos. Los diamantes grandes son m\u00e1s raros que los \u00a0peque\u00f1os, lo que significa que cada subsecuente quilate de peso hace que el diamante sea m\u00e1s costoso, ya que el valor por quilate aumenta junto con el tama\u00f1o del mismo. Un ejemplo evidente de esto es que dos diamantes de 0,50 quilates valen menos que un solo diamante de 1 quilate debido a que en la naturaleza los diamantes cuanto m\u00e1s grandes, m\u00e1s raros son.<\/p>\n<p><img loading=\"lazy\" class=\"img-responsive imgweb-pagina aligncenter\" src=\"https:\/\/www.guillenjoyeros.com\/alta-joyeria\/wp-content\/uploads\/2015\/09\/tama\u00f1o-espa\u00f1ol.jpg\" alt=\"\" width=\"100%\" height=\"auto\" \/><br \/>\n<img loading=\"lazy\" class=\"img-responsive imgweb-pagina aligncenter\" src=\"https:\/\/www.guillenjoyeros.com\/alta-joyeria\/wp-content\/uploads\/2015\/09\/TAMA\u00d1O-INGLES.jpg\" alt=\"\" width=\"100%\" height=\"auto\" \/><\/td>\n<td style=\"vertical-align: top; padding: 20px;\">\n<p style=\"text-align: center;\"><strong>Corte <\/strong><\/p>\n<p style=\"text-align: justify;\">Se refiere a las proporciones, simetr\u00eda, acabado, y pulido de un diamante. Estos factores influyen sobre las cualidades de reflexi\u00f3n y brillo de un diamante. Por lo general, un mal corte puede interferir con la apariencia del diamante.<\/p>\n<p style=\"text-align: justify;\">Un mal corte disminuye el brillo o resplandor, al impedir que la luz se disperse uniformemente. El corte es el \u00fanico de las 4 C que est\u00e1 determinado por la habilidad art\u00edstica del tallador y no por la naturaleza.<\/p>\n<p><img loading=\"lazy\" class=\"img-responsive imgweb-pagina aligncenter\" src=\"https:\/\/www.guillenjoyeros.com\/alta-joyeria\/wp-content\/uploads\/2015\/09\/las4cs-03.jpg\" alt=\"\" width=\"100%\" height=\"auto\" \/><\/td>\n<\/tr>\n<\/tbody>\n<\/table>\n<h1 class=\"titulo_paginas\">CERTIFICACI\u00d3N DEL DIAMANTE<\/h1>\n<p style=\"text-align: justify;\">Guillen Joyeros cuenta con diamantes certificados que incluyen los reportes de graduaci\u00f3n de los mismos, algunos de los cuales \u00a0son otorgados por los laboratorios m\u00e1s acreditados\u00a0 de la industria del diamante;\u00a0<strong>GIA<\/strong>\u00a0(Gemological Institute Of America), <strong>AGSL<\/strong>\u00a0(American Gem Society Laboratories), <strong>EGL USA<\/strong>\u00a0 (European Gemological Laboratory), quienes son reconocidos mundialmente por su coherencia, objetividad y consistencia en sus sistemas de graduaci\u00f3n.<\/p>\n<p style=\"text-align: justify;\">Adem\u00e1s en Guillen Joyeros contamos con profesionales certificados por el GIA, quienes estar\u00e1n gustosos de asesorarle en la selecci\u00f3n de su diamante.<\/p>\n<p style=\"text-align: justify;\"><img loading=\"lazy\" class=\"wp-image-2630 imgweb-pagina aligncenter\" src=\"https:\/\/www.guillenjoyeros.com\/alta-joyeria\/wp-content\/uploads\/2015\/09\/certificados.jpg\" alt=\"certificados\" width=\"398\" height=\"280\" srcset=\"https:\/\/www.guillenjoyeros.com\/alta-joyeria\/wp-content\/uploads\/2015\/09\/certificados.jpg 1293w, https:\/\/www.guillenjoyeros.com\/alta-joyeria\/wp-content\/uploads\/2015\/09\/certificados-600x422.jpg 600w, https:\/\/www.guillenjoyeros.com\/alta-joyeria\/wp-content\/uploads\/2015\/09\/certificados-300x211.jpg 300w, https:\/\/www.guillenjoyeros.com\/alta-joyeria\/wp-content\/uploads\/2015\/09\/certificados-1024x721.jpg 1024w, https:\/\/www.guillenjoyeros.com\/alta-joyeria\/wp-content\/uploads\/2015\/09\/certificados-260x183.jpg 260w\" sizes=\"(max-width: 398px) 100vw, 398px\" \/><\/p>\n<h1 class=\"titulo_paginas\">DIAMANTES LIBRES DE CONFLICTO<\/h1>\n<p style=\"text-align: justify;\">En Guillen joyeros estamos comprometidos con la venta de diamantes con \u00e9tica e integridad, procurando as\u00ed generar confianza en cada uno de los diamantes que usted adquiere en nuestra firma. Basados en un \u00abSistema de Garant\u00edas \u00bb que se complementa con el <a href=\"https:\/\/www.guillenjoyeros.com\/alta-joyeria\/que-es-el-proceso-kimberley\">Proceso Kimberley<\/a> y en el cual nuestros proveedores de diamantes cortados se comprometen a respetar\u00a0 dicho sistema en su totalidad, adquiriendo sus diamantes en bruto y cortados de fuentes leg\u00edtimas no implicadas en la financiaci\u00f3n de conflictos y de conformidad con las resoluciones de Naciones Unidas; afirmando en sus facturas de venta que estos diamantes est\u00e1n libres de conflicto, basados en el conocimiento personal y\/o garant\u00edas por escrito presentadas por el proveedor de estos diamantes.<\/p>\n<p style=\"text-align: justify;\"><img loading=\"lazy\" class=\"wp-image-2618 imgweb-pagina aligncenter\" src=\"https:\/\/www.guillenjoyeros.com\/alta-joyeria\/wp-content\/uploads\/2015\/09\/Sello-png-tama\u00f1o-grande.jpg\" alt=\"sello-png-tamano-grande\" width=\"293\" height=\"160\" srcset=\"https:\/\/www.guillenjoyeros.com\/alta-joyeria\/wp-content\/uploads\/2015\/09\/Sello-png-tama\u00f1o-grande.jpg 1077w, https:\/\/www.guillenjoyeros.com\/alta-joyeria\/wp-content\/uploads\/2015\/09\/Sello-png-tama\u00f1o-grande-600x327.jpg 600w, https:\/\/www.guillenjoyeros.com\/alta-joyeria\/wp-content\/uploads\/2015\/09\/Sello-png-tama\u00f1o-grande-300x164.jpg 300w, https:\/\/www.guillenjoyeros.com\/alta-joyeria\/wp-content\/uploads\/2015\/09\/Sello-png-tama\u00f1o-grande-1024x558.jpg 1024w, https:\/\/www.guillenjoyeros.com\/alta-joyeria\/wp-content\/uploads\/2015\/09\/Sello-png-tama\u00f1o-grande-260x142.jpg 260w\" sizes=\"(max-width: 293px) 100vw, 293px\" \/><\/p>\n","protected":false},"excerpt":{"rendered":"<p>Claridad Se refiere a su claridad o pureza, es decir la cantidad de\u00a0 impurezas o manchas \u00a0en el interior y en la superficie de un diamante, as\u00ed como el lugar en que estas se encuentren. Un diamante perfectamente claro es lo m\u00e1s deseable y tendr\u00e1 la m\u00e1s alta calificaci\u00f3n de claridad. Las inclusiones\u00a0 disminuir\u00e1n la [&hellip;]<\/p>\n","protected":false},"author":1,"featured_media":0,"parent":0,"menu_order":0,"comment_status":"closed","ping_status":"closed","template":"","meta":{"inline_featured_image":false},"acf":[],"yoast_head":"<!-- This site is optimized with the Yoast SEO plugin v19.5.1 - https:\/\/yoast.com\/wordpress\/plugins\/seo\/ -->\n<title>LAS 4 C DEL DIAMANTE - Guillen Joyeros<\/title>\n<meta name=\"description\" content=\"Claridad Se refiere a su claridad o pureza, es decir la cantidad de\u00a0 impurezas o manchas \u00a0en el interior y en la superficie de un diamante, as\u00ed como el\" \/>\n<meta name=\"robots\" content=\"index, follow, max-snippet:-1, max-image-preview:large, max-video-preview:-1\" \/>\n<link rel=\"canonical\" href=\"https:\/\/www.guillenjoyeros.com\/alta-joyeria\/las-4-cs-del-diamante\/\" \/>\n<meta property=\"og:locale\" content=\"es_ES\" \/>\n<meta property=\"og:type\" content=\"article\" \/>\n<meta property=\"og:title\" content=\"LAS 4 C DEL DIAMANTE - Guillen Joyeros\" \/>\n<meta property=\"og:description\" content=\"Claridad Se refiere a su claridad o pureza, es decir la cantidad de\u00a0 impurezas o manchas \u00a0en el interior y en la superficie de un diamante, as\u00ed como el\" \/>\n<meta property=\"og:url\" content=\"https:\/\/www.guillenjoyeros.com\/alta-joyeria\/las-4-cs-del-diamante\/\" \/>\n<meta property=\"og:site_name\" content=\"Guillen Joyeros\" \/>\n<meta property=\"article:publisher\" content=\"https:\/\/www.facebook.com\/DGuillenNovias\" \/>\n<meta property=\"article:modified_time\" content=\"2019-04-22T23:26:21+00:00\" \/>\n<meta property=\"og:image\" content=\"https:\/\/www.guillenjoyeros.com\/alta-joyeria\/wp-content\/uploads\/2015\/09\/diamantes.png\" \/>\n\t<meta property=\"og:image:width\" content=\"1200\" \/>\n\t<meta property=\"og:image:height\" content=\"627\" \/>\n\t<meta property=\"og:image:type\" content=\"image\/png\" \/>\n<meta name=\"twitter:card\" content=\"summary\" \/>\n<meta name=\"twitter:label1\" content=\"Tiempo de lectura\" \/>\n\t<meta name=\"twitter:data1\" content=\"3 minutos\" \/>\n<script type=\"application\/ld+json\" class=\"yoast-schema-graph\">{\"@context\":\"https:\/\/schema.org\",\"@graph\":[{\"@type\":\"WebPage\",\"@id\":\"https:\/\/www.guillenjoyeros.com\/alta-joyeria\/las-4-cs-del-diamante\/\",\"url\":\"https:\/\/www.guillenjoyeros.com\/alta-joyeria\/las-4-cs-del-diamante\/\",\"name\":\"LAS 4 C DEL DIAMANTE - Guillen Joyeros\",\"isPartOf\":{\"@id\":\"https:\/\/www.guillenjoyeros.com\/alta-joyeria\/#website\"},\"datePublished\":\"2015-09-10T20:47:45+00:00\",\"dateModified\":\"2019-04-22T23:26:21+00:00\",\"description\":\"Claridad Se refiere a su claridad o pureza, es decir la cantidad de\u00a0 impurezas o manchas \u00a0en el interior y en la superficie de un diamante, as\u00ed como el\",\"breadcrumb\":{\"@id\":\"https:\/\/www.guillenjoyeros.com\/alta-joyeria\/las-4-cs-del-diamante\/#breadcrumb\"},\"inLanguage\":\"es\",\"potentialAction\":[{\"@type\":\"ReadAction\",\"target\":[\"https:\/\/www.guillenjoyeros.com\/alta-joyeria\/las-4-cs-del-diamante\/\"]}]},{\"@type\":\"BreadcrumbList\",\"@id\":\"https:\/\/www.guillenjoyeros.com\/alta-joyeria\/las-4-cs-del-diamante\/#breadcrumb\",\"itemListElement\":[{\"@type\":\"ListItem\",\"position\":1,\"name\":\"Portada\",\"item\":\"https:\/\/www.guillenjoyeros.com\/alta-joyeria\/\"},{\"@type\":\"ListItem\",\"position\":2,\"name\":\"LAS 4 C DEL DIAMANTE\"}]},{\"@type\":\"WebSite\",\"@id\":\"https:\/\/www.guillenjoyeros.com\/alta-joyeria\/#website\",\"url\":\"https:\/\/www.guillenjoyeros.com\/alta-joyeria\/\",\"name\":\"Guillen Joyeros\",\"description\":\"Llevamos m\u00e1s de 20 a\u00f1os de experiencia en el mercado orfebre tanto a nivel nacional como internacional. Actualmente contamos con nuestra nueva l\u00ednea exclusiva dedicada a los anillos de compromiso y alianzas matrimoniales.\",\"potentialAction\":[{\"@type\":\"SearchAction\",\"target\":{\"@type\":\"EntryPoint\",\"urlTemplate\":\"https:\/\/www.guillenjoyeros.com\/alta-joyeria\/?s={search_term_string}\"},\"query-input\":\"required name=search_term_string\"}],\"inLanguage\":\"es\"}]}<\/script>\n<!-- \/ Yoast SEO plugin. -->","yoast_head_json":{"title":"LAS 4 C DEL DIAMANTE - Guillen Joyeros","description":"Claridad Se refiere a su claridad o pureza, es decir la cantidad de\u00a0 impurezas o manchas \u00a0en el interior y en la superficie de un diamante, as\u00ed como el","robots":{"index":"index","follow":"follow","max-snippet":"max-snippet:-1","max-image-preview":"max-image-preview:large","max-video-preview":"max-video-preview:-1"},"canonical":"https:\/\/www.guillenjoyeros.com\/alta-joyeria\/las-4-cs-del-diamante\/","og_locale":"es_ES","og_type":"article","og_title":"LAS 4 C DEL DIAMANTE - Guillen Joyeros","og_description":"Claridad Se refiere a su claridad o pureza, es decir la cantidad de\u00a0 impurezas o manchas \u00a0en el interior y en la superficie de un diamante, as\u00ed como el","og_url":"https:\/\/www.guillenjoyeros.com\/alta-joyeria\/las-4-cs-del-diamante\/","og_site_name":"Guillen Joyeros","article_publisher":"https:\/\/www.facebook.com\/DGuillenNovias","article_modified_time":"2019-04-22T23:26:21+00:00","og_image":[{"width":1200,"height":627,"url":"https:\/\/www.guillenjoyeros.com\/alta-joyeria\/wp-content\/uploads\/2015\/09\/diamantes.png","type":"image\/png"}],"twitter_card":"summary","twitter_misc":{"Tiempo de lectura":"3 minutos"},"schema":{"@context":"https:\/\/schema.org","@graph":[{"@type":"WebPage","@id":"https:\/\/www.guillenjoyeros.com\/alta-joyeria\/las-4-cs-del-diamante\/","url":"https:\/\/www.guillenjoyeros.com\/alta-joyeria\/las-4-cs-del-diamante\/","name":"LAS 4 C DEL DIAMANTE - Guillen Joyeros","isPartOf":{"@id":"https:\/\/www.guillenjoyeros.com\/alta-joyeria\/#website"},"datePublished":"2015-09-10T20:47:45+00:00","dateModified":"2019-04-22T23:26:21+00:00","description":"Claridad Se refiere a su claridad o pureza, es decir la cantidad de\u00a0 impurezas o manchas \u00a0en el interior y en la superficie de un diamante, as\u00ed como el","breadcrumb":{"@id":"https:\/\/www.guillenjoyeros.com\/alta-joyeria\/las-4-cs-del-diamante\/#breadcrumb"},"inLanguage":"es","potentialAction":[{"@type":"ReadAction","target":["https:\/\/www.guillenjoyeros.com\/alta-joyeria\/las-4-cs-del-diamante\/"]}]},{"@type":"BreadcrumbList","@id":"https:\/\/www.guillenjoyeros.com\/alta-joyeria\/las-4-cs-del-diamante\/#breadcrumb","itemListElement":[{"@type":"ListItem","position":1,"name":"Portada","item":"https:\/\/www.guillenjoyeros.com\/alta-joyeria\/"},{"@type":"ListItem","position":2,"name":"LAS 4 C DEL DIAMANTE"}]},{"@type":"WebSite","@id":"https:\/\/www.guillenjoyeros.com\/alta-joyeria\/#website","url":"https:\/\/www.guillenjoyeros.com\/alta-joyeria\/","name":"Guillen Joyeros","description":"Llevamos m\u00e1s de 20 a\u00f1os de experiencia en el mercado orfebre tanto a nivel nacional como internacional. Actualmente contamos con nuestra nueva l\u00ednea exclusiva dedicada a los anillos de compromiso y alianzas matrimoniales.","potentialAction":[{"@type":"SearchAction","target":{"@type":"EntryPoint","urlTemplate":"https:\/\/www.guillenjoyeros.com\/alta-joyeria\/?s={search_term_string}"},"query-input":"required name=search_term_string"}],"inLanguage":"es"}]}},"_links":{"self":[{"href":"https:\/\/www.guillenjoyeros.com\/alta-joyeria\/wp-json\/wp\/v2\/pages\/33"}],"collection":[{"href":"https:\/\/www.guillenjoyeros.com\/alta-joyeria\/wp-json\/wp\/v2\/pages"}],"about":[{"href":"https:\/\/www.guillenjoyeros.com\/alta-joyeria\/wp-json\/wp\/v2\/types\/page"}],"author":[{"embeddable":true,"href":"https:\/\/www.guillenjoyeros.com\/alta-joyeria\/wp-json\/wp\/v2\/users\/1"}],"replies":[{"embeddable":true,"href":"https:\/\/www.guillenjoyeros.com\/alta-joyeria\/wp-json\/wp\/v2\/comments?post=33"}],"version-history":[{"count":64,"href":"https:\/\/www.guillenjoyeros.com\/alta-joyeria\/wp-json\/wp\/v2\/pages\/33\/revisions"}],"predecessor-version":[{"id":9387,"href":"https:\/\/www.guillenjoyeros.com\/alta-joyeria\/wp-json\/wp\/v2\/pages\/33\/revisions\/9387"}],"wp:attachment":[{"href":"https:\/\/www.guillenjoyeros.com\/alta-joyeria\/wp-json\/wp\/v2\/media?parent=33"}],"curies":[{"name":"wp","href":"https:\/\/api.w.org\/{rel}","templated":true}]}}