{"id":30,"date":"2015-09-10T15:46:39","date_gmt":"2015-09-10T20:46:39","guid":{"rendered":"http:\/\/www.guillenjoyeros.com\/alta-joyeria\/?page_id=30"},"modified":"2020-01-14T12:14:21","modified_gmt":"2020-01-14T17:14:21","slug":"garantia","status":"publish","type":"page","link":"https:\/\/www.guillenjoyeros.com\/alta-joyeria\/garantia\/","title":{"rendered":"GARANT\u00cdA"},"content":{"rendered":"<p style=\"background: white; margin: 0cm 0cm 7.5pt;\">Nuestra firma \u201cGuillen Joyeros\u201d ofrece una garant\u00eda absoluta de todas sus joyas, respaldando a trav\u00e9s de un certificado su autenticidad y calidad, misma que parte desde la selecci\u00f3n de las piedras y metales preciosos, as\u00ed como tambi\u00e9n del cuidado en su proceso de elaboraci\u00f3n.<\/p>\n<p style=\"text-align: justify;\"><strong><span lang=\"ES\">\u00bfQu\u00e9 cubre nuestra garant\u00eda?<\/span><\/strong><\/p>\n<p style=\"text-align: justify;\"><span lang=\"ES\">Nuestra garant\u00eda cubre la modificaci\u00f3n de las tallas en los anillos, mantenimientos, reposici\u00f3n de zirconias, as\u00ed como tambi\u00e9n posibles defectos de fabricaci\u00f3n.<\/span><\/p>\n<p style=\"text-align: justify;\"><span lang=\"ES\">La garant\u00eda <strong>no cubre<\/strong> reposici\u00f3n de diamantes, da\u00f1os causados por el uso inadecuado, robo o extrav\u00edo y reparaciones realizadas por servicios t\u00e9cnicos no certificados por \u201cGuillen Joyeros\u201d.<\/span><\/p>\n","protected":false},"excerpt":{"rendered":"<p>Nuestra firma \u201cGuillen Joyeros\u201d ofrece una garant\u00eda absoluta de todas sus joyas, respaldando a trav\u00e9s de un certificado su autenticidad y calidad, misma que parte desde la selecci\u00f3n de las piedras y metales preciosos, as\u00ed como tambi\u00e9n del cuidado en su proceso de elaboraci\u00f3n. \u00bfQu\u00e9 cubre nuestra garant\u00eda? Nuestra garant\u00eda cubre la modificaci\u00f3n de las [&hellip;]<\/p>\n","protected":false},"author":1,"featured_media":9417,"parent":0,"menu_order":0,"comment_status":"closed","ping_status":"closed","template":"","meta":{"inline_featured_image":false},"acf":[],"yoast_head":"<!-- This site is optimized with the Yoast SEO plugin v19.5.1 - https:\/\/yoast.com\/wordpress\/plugins\/seo\/ -->\n<title>GARANT\u00cdA - Guillen Joyeros<\/title>\n<meta name=\"description\" content=\"Nuestra firma \u201cGuillen Joyeros\u201d ofrece una garant\u00eda absoluta de todas sus joyas, respaldando a trav\u00e9s de un certificado su autenticidad y calidad, misma\" \/>\n<meta name=\"robots\" content=\"index, follow, max-snippet:-1, max-image-preview:large, max-video-preview:-1\" \/>\n<link rel=\"canonical\" href=\"https:\/\/www.guillenjoyeros.com\/alta-joyeria\/garantia\/\" \/>\n<meta property=\"og:locale\" content=\"es_ES\" \/>\n<meta property=\"og:type\" content=\"article\" \/>\n<meta property=\"og:title\" content=\"GARANT\u00cdA - Guillen Joyeros\" \/>\n<meta property=\"og:description\" content=\"Nuestra firma \u201cGuillen Joyeros\u201d ofrece una garant\u00eda absoluta de todas sus joyas, respaldando a trav\u00e9s de un certificado su autenticidad y calidad, misma\" \/>\n<meta property=\"og:url\" content=\"https:\/\/www.guillenjoyeros.com\/alta-joyeria\/garantia\/\" \/>\n<meta property=\"og:site_name\" content=\"Guillen Joyeros\" \/>\n<meta property=\"article:publisher\" content=\"https:\/\/www.facebook.com\/DGuillenNovias\" \/>\n<meta property=\"article:modified_time\" content=\"2020-01-14T17:14:21+00:00\" \/>\n<meta property=\"og:image\" content=\"https:\/\/www.guillenjoyeros.com\/alta-joyeria\/wp-content\/uploads\/2019\/04\/certificado-copia.jpg\" \/>\n\t<meta property=\"og:image:width\" content=\"860\" \/>\n\t<meta property=\"og:image:height\" content=\"800\" \/>\n\t<meta property=\"og:image:type\" content=\"image\/jpeg\" \/>\n<meta name=\"twitter:card\" content=\"summary\" \/>\n<meta name=\"twitter:label1\" content=\"Tiempo de lectura\" \/>\n\t<meta name=\"twitter:data1\" content=\"1 minuto\" \/>\n<script type=\"application\/ld+json\" class=\"yoast-schema-graph\">{\"@context\":\"https:\/\/schema.org\",\"@graph\":[{\"@type\":\"WebPage\",\"@id\":\"https:\/\/www.guillenjoyeros.com\/alta-joyeria\/garantia\/\",\"url\":\"https:\/\/www.guillenjoyeros.com\/alta-joyeria\/garantia\/\",\"name\":\"GARANT\u00cdA - Guillen Joyeros\",\"isPartOf\":{\"@id\":\"https:\/\/www.guillenjoyeros.com\/alta-joyeria\/#website\"},\"datePublished\":\"2015-09-10T20:46:39+00:00\",\"dateModified\":\"2020-01-14T17:14:21+00:00\",\"description\":\"Nuestra firma \u201cGuillen Joyeros\u201d ofrece una garant\u00eda absoluta de todas sus joyas, respaldando a trav\u00e9s de un certificado su autenticidad y calidad, misma\",\"breadcrumb\":{\"@id\":\"https:\/\/www.guillenjoyeros.com\/alta-joyeria\/garantia\/#breadcrumb\"},\"inLanguage\":\"es\",\"potentialAction\":[{\"@type\":\"ReadAction\",\"target\":[\"https:\/\/www.guillenjoyeros.com\/alta-joyeria\/garantia\/\"]}]},{\"@type\":\"BreadcrumbList\",\"@id\":\"https:\/\/www.guillenjoyeros.com\/alta-joyeria\/garantia\/#breadcrumb\",\"itemListElement\":[{\"@type\":\"ListItem\",\"position\":1,\"name\":\"Portada\",\"item\":\"https:\/\/www.guillenjoyeros.com\/alta-joyeria\/\"},{\"@type\":\"ListItem\",\"position\":2,\"name\":\"GARANT\u00cdA\"}]},{\"@type\":\"WebSite\",\"@id\":\"https:\/\/www.guillenjoyeros.com\/alta-joyeria\/#website\",\"url\":\"https:\/\/www.guillenjoyeros.com\/alta-joyeria\/\",\"name\":\"Guillen Joyeros\",\"description\":\"Llevamos m\u00e1s de 20 a\u00f1os de experiencia en el mercado orfebre tanto a nivel nacional como internacional. Actualmente contamos con nuestra nueva l\u00ednea exclusiva dedicada a los anillos de compromiso y alianzas matrimoniales.\",\"potentialAction\":[{\"@type\":\"SearchAction\",\"target\":{\"@type\":\"EntryPoint\",\"urlTemplate\":\"https:\/\/www.guillenjoyeros.com\/alta-joyeria\/?s={search_term_string}\"},\"query-input\":\"required name=search_term_string\"}],\"inLanguage\":\"es\"}]}<\/script>\n<!-- \/ Yoast SEO plugin. -->","yoast_head_json":{"title":"GARANT\u00cdA - Guillen Joyeros","description":"Nuestra firma \u201cGuillen Joyeros\u201d ofrece una garant\u00eda absoluta de todas sus joyas, respaldando a trav\u00e9s de un certificado su autenticidad y calidad, misma","robots":{"index":"index","follow":"follow","max-snippet":"max-snippet:-1","max-image-preview":"max-image-preview:large","max-video-preview":"max-video-preview:-1"},"canonical":"https:\/\/www.guillenjoyeros.com\/alta-joyeria\/garantia\/","og_locale":"es_ES","og_type":"article","og_title":"GARANT\u00cdA - Guillen Joyeros","og_description":"Nuestra firma \u201cGuillen Joyeros\u201d ofrece una garant\u00eda absoluta de todas sus joyas, respaldando a trav\u00e9s de un certificado su autenticidad y calidad, misma","og_url":"https:\/\/www.guillenjoyeros.com\/alta-joyeria\/garantia\/","og_site_name":"Guillen Joyeros","article_publisher":"https:\/\/www.facebook.com\/DGuillenNovias","article_modified_time":"2020-01-14T17:14:21+00:00","og_image":[{"width":860,"height":800,"url":"https:\/\/www.guillenjoyeros.com\/alta-joyeria\/wp-content\/uploads\/2019\/04\/certificado-copia.jpg","type":"image\/jpeg"}],"twitter_card":"summary","twitter_misc":{"Tiempo de lectura":"1 minuto"},"schema":{"@context":"https:\/\/schema.org","@graph":[{"@type":"WebPage","@id":"https:\/\/www.guillenjoyeros.com\/alta-joyeria\/garantia\/","url":"https:\/\/www.guillenjoyeros.com\/alta-joyeria\/garantia\/","name":"GARANT\u00cdA - Guillen Joyeros","isPartOf":{"@id":"https:\/\/www.guillenjoyeros.com\/alta-joyeria\/#website"},"datePublished":"2015-09-10T20:46:39+00:00","dateModified":"2020-01-14T17:14:21+00:00","description":"Nuestra firma \u201cGuillen Joyeros\u201d ofrece una garant\u00eda absoluta de todas sus joyas, respaldando a trav\u00e9s de un certificado su autenticidad y calidad, misma","breadcrumb":{"@id":"https:\/\/www.guillenjoyeros.com\/alta-joyeria\/garantia\/#breadcrumb"},"inLanguage":"es","potentialAction":[{"@type":"ReadAction","target":["https:\/\/www.guillenjoyeros.com\/alta-joyeria\/garantia\/"]}]},{"@type":"BreadcrumbList","@id":"https:\/\/www.guillenjoyeros.com\/alta-joyeria\/garantia\/#breadcrumb","itemListElement":[{"@type":"ListItem","position":1,"name":"Portada","item":"https:\/\/www.guillenjoyeros.com\/alta-joyeria\/"},{"@type":"ListItem","position":2,"name":"GARANT\u00cdA"}]},{"@type":"WebSite","@id":"https:\/\/www.guillenjoyeros.com\/alta-joyeria\/#website","url":"https:\/\/www.guillenjoyeros.com\/alta-joyeria\/","name":"Guillen Joyeros","description":"Llevamos m\u00e1s de 20 a\u00f1os de experiencia en el mercado orfebre tanto a nivel nacional como internacional. Actualmente contamos con nuestra nueva l\u00ednea exclusiva dedicada a los anillos de compromiso y alianzas matrimoniales.","potentialAction":[{"@type":"SearchAction","target":{"@type":"EntryPoint","urlTemplate":"https:\/\/www.guillenjoyeros.com\/alta-joyeria\/?s={search_term_string}"},"query-input":"required name=search_term_string"}],"inLanguage":"es"}]}},"_links":{"self":[{"href":"https:\/\/www.guillenjoyeros.com\/alta-joyeria\/wp-json\/wp\/v2\/pages\/30"}],"collection":[{"href":"https:\/\/www.guillenjoyeros.com\/alta-joyeria\/wp-json\/wp\/v2\/pages"}],"about":[{"href":"https:\/\/www.guillenjoyeros.com\/alta-joyeria\/wp-json\/wp\/v2\/types\/page"}],"author":[{"embeddable":true,"href":"https:\/\/www.guillenjoyeros.com\/alta-joyeria\/wp-json\/wp\/v2\/users\/1"}],"replies":[{"embeddable":true,"href":"https:\/\/www.guillenjoyeros.com\/alta-joyeria\/wp-json\/wp\/v2\/comments?post=30"}],"version-history":[{"count":18,"href":"https:\/\/www.guillenjoyeros.com\/alta-joyeria\/wp-json\/wp\/v2\/pages\/30\/revisions"}],"predecessor-version":[{"id":19677,"href":"https:\/\/www.guillenjoyeros.com\/alta-joyeria\/wp-json\/wp\/v2\/pages\/30\/revisions\/19677"}],"wp:featuredmedia":[{"embeddable":true,"href":"https:\/\/www.guillenjoyeros.com\/alta-joyeria\/wp-json\/wp\/v2\/media\/9417"}],"wp:attachment":[{"href":"https:\/\/www.guillenjoyeros.com\/alta-joyeria\/wp-json\/wp\/v2\/media?parent=30"}],"curies":[{"name":"wp","href":"https:\/\/api.w.org\/{rel}","templated":true}]}}