{"id":28,"date":"2015-09-10T15:44:56","date_gmt":"2015-09-10T20:44:56","guid":{"rendered":"http:\/\/www.guillenjoyeros.com\/alta-joyeria\/?page_id=28"},"modified":"2019-04-23T14:23:56","modified_gmt":"2019-04-23T19:23:56","slug":"diseno","status":"publish","type":"page","link":"https:\/\/www.guillenjoyeros.com\/alta-joyeria\/diseno\/","title":{"rendered":"DISE\u00d1O"},"content":{"rendered":"<p style=\"text-align: justify;\">En Guillen Joyeros entendemos el significado del amor para toda la vida, es por eso que junto a profesionales del dise\u00f1o y calificados orfebres, buscamos plasmar sus ideas y as\u00ed lograr joyas realmente \u00fanicas como una expresi\u00f3n de amor eterno.<\/p>\n\n\t\t\t<!-- START Dise\u00f1o Guillen REVOLUTION SLIDER 6.1.8 --><p class=\"rs-p-wp-fix\"><\/p>\n\t\t\t<rs-module-wrap id=\"rev_slider_8_1_wrapper\" data-source=\"gallery\" style=\"background:transparent;padding:0;margin:0px auto;margin-top:0;margin-bottom:0;max-width:\">\n\t\t\t\t<rs-module id=\"rev_slider_8_1\" style=\"display:none;\" data-version=\"6.1.8\">\n\t\t\t\t\t<rs-slides>\n\t\t\t\t\t\t<rs-slide data-key=\"rs-58\" data-title=\"Slide\" data-thumb=\"\/\/www.guillenjoyeros.com\/alta-joyeria\/wp-content\/uploads\/revslider\/Dise\u00f1o Guillen\/Boceto1-100x50.jpg\" data-anim=\"ei:d;eo:d;s:600;r:0;t:fade;sl:d;\">\n\t\t\t\t\t\t\t<img src=\"\/\/www.guillenjoyeros.com\/alta-joyeria\/wp-content\/uploads\/revslider\/Dise\u00f1o Guillen\/Boceto1.jpg\" title=\"DISE\u00d1O\" class=\"rev-slidebg\" data-no-retina>\n<!--\n\t\t\t\t\t\t\t--><rs-layer\n\t\t\t\t\t\t\t\tid=\"slider-8-slide-58-layer-1\" \n\t\t\t\t\t\t\t\tclass=\"rs-selectable\"\n\t\t\t\t\t\t\t\tdata-type=\"image\"\n\t\t\t\t\t\t\t\tdata-rsp_ch=\"on\"\n\t\t\t\t\t\t\t\tdata-xy=\"x:c;y:c;\"\n\t\t\t\t\t\t\t\tdata-text=\"l:22;a:inherit;\"\n\t\t\t\t\t\t\t\tdata-dim=\"w:1200px;h:450px;\"\n\t\t\t\t\t\t\t\tdata-frame_0=\"x:ran(-250|250);y:ran(-150|150);sX:ran(0|1);sY:ran(0|1);rX:ran(-90|90);rY:ran(-90|90);rZ:ran(-360|360);tp:600;\"\n\t\t\t\t\t\t\t\tdata-frame_1=\"tp:600;e:Power4.easeOut;st:0;sp:1500;\"\n\t\t\t\t\t\t\t\tdata-frame_999=\"o:0;tp:600;st:w;sR:4500;\"\n\t\t\t\t\t\t\t\tstyle=\"z-index:5;\"\n\t\t\t\t\t\t\t><img src=\"\/\/www.guillenjoyeros.com\/alta-joyeria\/wp-content\/uploads\/revslider\/Dise\u00f1o Guillen\/Boceto1.png\" width=\"1200\" height=\"450\" data-no-retina> \n\t\t\t\t\t\t\t<\/rs-layer><!--\n-->\t\t\t\t\t\t<\/rs-slide>\n\t\t\t\t\t\t<rs-slide data-key=\"rs-59\" data-title=\"Slide\" data-thumb=\"\/\/www.guillenjoyeros.com\/alta-joyeria\/wp-content\/uploads\/revslider\/Dise\u00f1o Guillen\/Bocetos3-100x50.jpg\" data-anim=\"ei:d;eo:d;s:600;r:0;t:fade;sl:d;\">\n\t\t\t\t\t\t\t<img src=\"\/\/www.guillenjoyeros.com\/alta-joyeria\/wp-content\/uploads\/revslider\/Dise\u00f1o Guillen\/Bocetos3.jpg\" title=\"DISE\u00d1O\" class=\"rev-slidebg\" data-no-retina>\n<!--\n\t\t\t\t\t\t\t--><rs-layer\n\t\t\t\t\t\t\t\tid=\"slider-8-slide-59-layer-1\" \n\t\t\t\t\t\t\t\tclass=\"rs-selectable\"\n\t\t\t\t\t\t\t\tdata-type=\"image\"\n\t\t\t\t\t\t\t\tdata-rsp_ch=\"on\"\n\t\t\t\t\t\t\t\tdata-xy=\"x:c;y:c;\"\n\t\t\t\t\t\t\t\tdata-text=\"l:22;a:inherit;\"\n\t\t\t\t\t\t\t\tdata-dim=\"w:1200px;h:450px;\"\n\t\t\t\t\t\t\t\tdata-frame_0=\"x:ran(-250|250);y:ran(-150|150);sX:ran(0|1);sY:ran(0|1);rX:ran(-90|90);rY:ran(-90|90);rZ:ran(-360|360);tp:600;\"\n\t\t\t\t\t\t\t\tdata-frame_1=\"tp:600;st:290;sp:1500;sR:290;\"\n\t\t\t\t\t\t\t\tdata-frame_999=\"o:0;tp:600;st:w;sR:4210;\"\n\t\t\t\t\t\t\t\tstyle=\"z-index:5;\"\n\t\t\t\t\t\t\t><img src=\"\/\/www.guillenjoyeros.com\/alta-joyeria\/wp-content\/uploads\/revslider\/Dise\u00f1o Guillen\/Bocetos3.png\" width=\"1200\" height=\"450\" data-no-retina> \n\t\t\t\t\t\t\t<\/rs-layer><!--\n-->\t\t\t\t\t\t<\/rs-slide>\n\t\t\t\t\t\t<rs-slide data-key=\"rs-60\" data-title=\"Slide\" data-thumb=\"\/\/www.guillenjoyeros.com\/alta-joyeria\/wp-content\/uploads\/revslider\/Dise\u00f1o Guillen\/Bocetos4-100x50.jpg\" data-anim=\"ei:d;eo:d;s:600;r:0;t:fade;sl:d;\">\n\t\t\t\t\t\t\t<img src=\"\/\/www.guillenjoyeros.com\/alta-joyeria\/wp-content\/uploads\/revslider\/Dise\u00f1o Guillen\/Bocetos4.jpg\" title=\"DISE\u00d1O\" class=\"rev-slidebg\" data-no-retina>\n<!--\n\t\t\t\t\t\t\t--><rs-layer\n\t\t\t\t\t\t\t\tid=\"slider-8-slide-60-layer-1\" \n\t\t\t\t\t\t\t\tclass=\"rs-selectable\"\n\t\t\t\t\t\t\t\tdata-type=\"image\"\n\t\t\t\t\t\t\t\tdata-rsp_ch=\"on\"\n\t\t\t\t\t\t\t\tdata-xy=\"x:c;y:c;\"\n\t\t\t\t\t\t\t\tdata-text=\"l:22;a:inherit;\"\n\t\t\t\t\t\t\t\tdata-dim=\"w:1200px;h:450px;\"\n\t\t\t\t\t\t\t\tdata-frame_0=\"x:ran(-250|250);y:ran(-150|150);sX:ran(0|1);sY:ran(0|1);rX:ran(-90|90);rY:ran(-90|90);rZ:ran(-360|360);tp:600;\"\n\t\t\t\t\t\t\t\tdata-frame_1=\"tp:600;st:300;sp:1500;sR:300;\"\n\t\t\t\t\t\t\t\tdata-frame_999=\"o:0;tp:600;st:w;sR:4200;\"\n\t\t\t\t\t\t\t\tstyle=\"z-index:5;\"\n\t\t\t\t\t\t\t><img src=\"\/\/www.guillenjoyeros.com\/alta-joyeria\/wp-content\/uploads\/revslider\/Dise\u00f1o Guillen\/Bocetos4.png\" width=\"1200\" height=\"450\" data-no-retina> \n\t\t\t\t\t\t\t<\/rs-layer><!--\n-->\t\t\t\t\t\t<\/rs-slide>\n\t\t\t\t\t\t<rs-slide data-key=\"rs-61\" data-title=\"Slide\" data-thumb=\"\/\/www.guillenjoyeros.com\/alta-joyeria\/wp-content\/uploads\/2017\/08\/Bocetos2-100x50.jpg\" data-anim=\"ei:d;eo:d;s:600;r:0;t:fade;sl:d;\">\n\t\t\t\t\t\t\t<img src=\"\/\/www.guillenjoyeros.com\/alta-joyeria\/wp-content\/uploads\/2017\/08\/Bocetos2.jpg\" title=\"DISE\u00d1O\" class=\"rev-slidebg\" data-no-retina>\n<!--\n\t\t\t\t\t\t\t--><rs-layer\n\t\t\t\t\t\t\t\tid=\"slider-8-slide-61-layer-1\" \n\t\t\t\t\t\t\t\tclass=\"rs-selectable\"\n\t\t\t\t\t\t\t\tdata-type=\"image\"\n\t\t\t\t\t\t\t\tdata-rsp_ch=\"on\"\n\t\t\t\t\t\t\t\tdata-xy=\"x:c;y:c;\"\n\t\t\t\t\t\t\t\tdata-text=\"l:22;a:inherit;\"\n\t\t\t\t\t\t\t\tdata-dim=\"w:1200px;h:450px;\"\n\t\t\t\t\t\t\t\tdata-frame_0=\"x:ran(-250|250);y:ran(-150|150);sX:ran(0|1);sY:ran(0|1);rX:ran(-90|90);rY:ran(-90|90);rZ:ran(-360|360);tp:600;\"\n\t\t\t\t\t\t\t\tdata-frame_1=\"tp:600;st:310;sp:1500;sR:310;\"\n\t\t\t\t\t\t\t\tdata-frame_999=\"o:0;tp:600;st:w;sR:4190;\"\n\t\t\t\t\t\t\t\tstyle=\"z-index:5;\"\n\t\t\t\t\t\t\t><img src=\"\/\/www.guillenjoyeros.com\/alta-joyeria\/wp-content\/uploads\/revslider\/Dise\u00f1o Guillen\/Bocetos2.png\" width=\"1200\" height=\"450\" data-no-retina> \n\t\t\t\t\t\t\t<\/rs-layer><!--\n-->\t\t\t\t\t\t<\/rs-slide>\n\t\t\t\t\t<\/rs-slides>\n\t\t\t\t\t<rs-progress style=\"height: 5px; background: rgba(0,0,0,0.15);\"><\/rs-progress>\n\t\t\t\t<\/rs-module>\n\t\t\t\t<script type=\"text\/javascript\">\n\t\t\t\t\tsetREVStartSize({c: 'rev_slider_8_1',rl:[1240,1024,778,480],el:[],gw:[1240],gh:[450],type:'standard',justify:'',layout:'fullwidth',mh:\"0\"});\n\t\t\t\t\tvar\trevapi8,\n\t\t\t\t\t\ttpj;\n\t\t\t\t\tjQuery(function() {\n\t\t\t\t\t\ttpj = jQuery;\n\t\t\t\t\t\tif(tpj(\"#rev_slider_8_1\").revolution == undefined){\n\t\t\t\t\t\t\trevslider_showDoubleJqueryError(\"#rev_slider_8_1\");\n\t\t\t\t\t\t}else{\n\t\t\t\t\t\t\trevapi8 = tpj(\"#rev_slider_8_1\").show().revolution({\n\t\t\t\t\t\t\t\tjsFileLocation:\"\/\/www.guillenjoyeros.com\/alta-joyeria\/wp-content\/plugins\/revslider\/public\/assets\/js\/\",\n\t\t\t\t\t\t\t\tduration:6000,\n\t\t\t\t\t\t\t\tvisibilityLevels:\"1240,1024,778,480\",\n\t\t\t\t\t\t\t\tgridwidth:1240,\n\t\t\t\t\t\t\t\tgridheight:450,\n\t\t\t\t\t\t\t\tspinner:\"spinner0\",\n\t\t\t\t\t\t\t\tresponsiveLevels:\"1240,1024,778,480\",\n\t\t\t\t\t\t\t\tnavigation: {\n\t\t\t\t\t\t\t\t\tmouseScrollNavigation:false,\n\t\t\t\t\t\t\t\t\tonHoverStop:false,\n\t\t\t\t\t\t\t\t\tbullets: {\n\t\t\t\t\t\t\t\t\t\tenable:true,\n\t\t\t\t\t\t\t\t\t\ttmp:\"\",\n\t\t\t\t\t\t\t\t\t\tstyle:\"hesperiden\",\n\t\t\t\t\t\t\t\t\t\th_align:\"right\",\n\t\t\t\t\t\t\t\t\t\th_offset:20\n\t\t\t\t\t\t\t\t\t}\n\t\t\t\t\t\t\t\t},\n\t\t\t\t\t\t\t\tfallbacks: {\n\t\t\t\t\t\t\t\t\tallowHTML5AutoPlayOnAndroid:true\n\t\t\t\t\t\t\t\t},\n\t\t\t\t\t\t\t});\n\t\t\t\t\t\t}\n\t\t\t\t\t\t\n\t\t\t\t\t});\n\t\t\t\t<\/script>\n\t\t\t\t<script>\n\t\t\t\t\tvar htmlDivCss = unescape(\"%23rev_slider_8_1_wrapper%20.hesperiden.tp-bullets%20%7B%0A%7D%0A%23rev_slider_8_1_wrapper%20.hesperiden.tp-bullets%3Abefore%20%7B%0A%09content%3A%27%20%27%3B%0A%09position%3Aabsolute%3B%0A%09width%3A100%25%3B%0A%09height%3A100%25%3B%0A%09background%3Atransparent%3B%0A%09padding%3A10px%3B%0A%09margin-left%3A-10px%3Bmargin-top%3A-10px%3B%0A%09box-sizing%3Acontent-box%3B%0A%20%20%20border-radius%3A8px%3B%0A%20%20%0A%7D%0A%23rev_slider_8_1_wrapper%20.hesperiden%20.tp-bullet%20%7B%0A%09width%3A12px%3B%0A%09height%3A12px%3B%0A%09position%3Aabsolute%3B%0A%09background%3A%20%23999999%3B%20%2F%2A%20old%20browsers%20%2A%2F%0A%20%20%20%20background%3A%20-moz-linear-gradient%28top%2C%20%20%23999999%200%25%2C%20%23e1e1e1%20100%25%29%3B%20%2F%2A%20ff3.6%2B%20%2A%2F%0A%20%20%20%20background%3A%20-webkit-linear-gradient%28top%2C%20%20%23999999%200%25%2C%23e1e1e1%20100%25%29%3B%20%2F%2A%20chrome10%2B%2Csafari5.1%2B%20%2A%2F%0A%20%20%20%20background%3A%20-o-linear-gradient%28top%2C%20%20%23999999%200%25%2C%23e1e1e1%20100%25%29%3B%20%2F%2A%20opera%2011.10%2B%20%2A%2F%0A%20%20%20%20background%3A%20-ms-linear-gradient%28top%2C%20%20%23999999%200%25%2C%23e1e1e1%20100%25%29%3B%20%2F%2A%20ie10%2B%20%2A%2F%0A%20%20%20%20background%3A%20linear-gradient%28to%20bottom%2C%20%20%23999999%200%25%2C%23e1e1e1%20100%25%29%3B%20%2F%2A%20w3c%20%2A%2F%0A%20%20%20%20filter%3A%20progid%3Adximagetransform.microsoft.gradient%28%20%0A%20%20%20%20startcolorstr%3D%27%23999999%27%2C%20endcolorstr%3D%27%23e1e1e1%27%2Cgradienttype%3D0%20%29%3B%20%2F%2A%20ie6-9%20%2A%2F%0A%09border%3A3px%20solid%20%23e5e5e5%3B%0A%09border-radius%3A50%25%3B%0A%09cursor%3A%20pointer%3B%0A%09box-sizing%3Acontent-box%3B%0A%7D%0A%23rev_slider_8_1_wrapper%20.hesperiden%20.tp-bullet%3Ahover%2C%0A%23rev_slider_8_1_wrapper%20.hesperiden%20.tp-bullet.selected%20%7B%0A%09background%3A%23666666%3B%0A%7D%0A%23rev_slider_8_1_wrapper%20.hesperiden%20.tp-bullet-image%20%7B%0A%7D%0A%23rev_slider_8_1_wrapper%20.hesperiden%20.tp-bullet-title%20%7B%0A%7D%0A%0A\");\n\t\t\t\t\tvar htmlDiv = document.getElementById('rs-plugin-settings-inline-css');\n\t\t\t\t\tif(htmlDiv) {\n\t\t\t\t\t\thtmlDiv.innerHTML = htmlDiv.innerHTML + htmlDivCss;\n\t\t\t\t\t}else{\n\t\t\t\t\t\tvar htmlDiv = document.createElement('div');\n\t\t\t\t\t\thtmlDiv.innerHTML = '<style>' + htmlDivCss + '<\/style>';\n\t\t\t\t\t\tdocument.getElementsByTagName('head')[0].appendChild(htmlDiv.childNodes[0]);\n\t\t\t\t\t}\n\t\t\t\t<\/script>\n\t\t\t\t<script>\n\t\t\t\t\tvar htmlDivCss = unescape(\"%0A%0A%0A%0A\");\n\t\t\t\t\tvar htmlDiv = document.getElementById('rs-plugin-settings-inline-css');\n\t\t\t\t\tif(htmlDiv) {\n\t\t\t\t\t\thtmlDiv.innerHTML = htmlDiv.innerHTML + htmlDivCss;\n\t\t\t\t\t}else{\n\t\t\t\t\t\tvar htmlDiv = document.createElement('div');\n\t\t\t\t\t\thtmlDiv.innerHTML = '<style>' + htmlDivCss + '<\/style>';\n\t\t\t\t\t\tdocument.getElementsByTagName('head')[0].appendChild(htmlDiv.childNodes[0]);\n\t\t\t\t\t}\n\t\t\t\t<\/script>\n\t\t\t<\/rs-module-wrap>\n\t\t\t<!-- END REVOLUTION SLIDER -->\n\n","protected":false},"excerpt":{"rendered":"<p>En Guillen Joyeros entendemos el significado del amor para toda la vida, es por eso que junto a profesionales del dise\u00f1o y calificados orfebres, buscamos plasmar sus ideas y as\u00ed lograr joyas realmente \u00fanicas como una expresi\u00f3n de amor eterno.<\/p>\n","protected":false},"author":1,"featured_media":0,"parent":0,"menu_order":0,"comment_status":"closed","ping_status":"closed","template":"","meta":{"inline_featured_image":false},"acf":[],"yoast_head":"<!-- This site is optimized with the Yoast SEO plugin v19.5.1 - https:\/\/yoast.com\/wordpress\/plugins\/seo\/ -->\n<title>DISE\u00d1O - Guillen Joyeros<\/title>\n<meta name=\"description\" content=\"En Guillen Joyeros entendemos el significado del amor para toda la vida, es por eso que junto a profesionales del dise\u00f1o y calificados orfebres, buscamos\" \/>\n<meta name=\"robots\" content=\"index, follow, max-snippet:-1, max-image-preview:large, max-video-preview:-1\" \/>\n<link rel=\"canonical\" href=\"https:\/\/www.guillenjoyeros.com\/alta-joyeria\/diseno\/\" \/>\n<meta property=\"og:locale\" content=\"es_ES\" \/>\n<meta property=\"og:type\" content=\"article\" \/>\n<meta property=\"og:title\" content=\"DISE\u00d1O - Guillen Joyeros\" \/>\n<meta property=\"og:description\" content=\"En Guillen Joyeros entendemos el significado del amor para toda la vida, es por eso que junto a profesionales del dise\u00f1o y calificados orfebres, buscamos\" \/>\n<meta property=\"og:url\" content=\"https:\/\/www.guillenjoyeros.com\/alta-joyeria\/diseno\/\" \/>\n<meta property=\"og:site_name\" content=\"Guillen Joyeros\" \/>\n<meta property=\"article:publisher\" content=\"https:\/\/www.facebook.com\/DGuillenNovias\" \/>\n<meta property=\"article:modified_time\" content=\"2019-04-23T19:23:56+00:00\" \/>\n<meta name=\"twitter:card\" content=\"summary\" \/>\n<script type=\"application\/ld+json\" class=\"yoast-schema-graph\">{\"@context\":\"https:\/\/schema.org\",\"@graph\":[{\"@type\":\"WebPage\",\"@id\":\"https:\/\/www.guillenjoyeros.com\/alta-joyeria\/diseno\/\",\"url\":\"https:\/\/www.guillenjoyeros.com\/alta-joyeria\/diseno\/\",\"name\":\"DISE\u00d1O - Guillen Joyeros\",\"isPartOf\":{\"@id\":\"https:\/\/www.guillenjoyeros.com\/alta-joyeria\/#website\"},\"datePublished\":\"2015-09-10T20:44:56+00:00\",\"dateModified\":\"2019-04-23T19:23:56+00:00\",\"description\":\"En Guillen Joyeros entendemos el significado del amor para toda la vida, es por eso que junto a profesionales del dise\u00f1o y calificados orfebres, buscamos\",\"breadcrumb\":{\"@id\":\"https:\/\/www.guillenjoyeros.com\/alta-joyeria\/diseno\/#breadcrumb\"},\"inLanguage\":\"es\",\"potentialAction\":[{\"@type\":\"ReadAction\",\"target\":[\"https:\/\/www.guillenjoyeros.com\/alta-joyeria\/diseno\/\"]}]},{\"@type\":\"BreadcrumbList\",\"@id\":\"https:\/\/www.guillenjoyeros.com\/alta-joyeria\/diseno\/#breadcrumb\",\"itemListElement\":[{\"@type\":\"ListItem\",\"position\":1,\"name\":\"Portada\",\"item\":\"https:\/\/www.guillenjoyeros.com\/alta-joyeria\/\"},{\"@type\":\"ListItem\",\"position\":2,\"name\":\"DISE\u00d1O\"}]},{\"@type\":\"WebSite\",\"@id\":\"https:\/\/www.guillenjoyeros.com\/alta-joyeria\/#website\",\"url\":\"https:\/\/www.guillenjoyeros.com\/alta-joyeria\/\",\"name\":\"Guillen Joyeros\",\"description\":\"Llevamos m\u00e1s de 20 a\u00f1os de experiencia en el mercado orfebre tanto a nivel nacional como internacional. Actualmente contamos con nuestra nueva l\u00ednea exclusiva dedicada a los anillos de compromiso y alianzas matrimoniales.\",\"potentialAction\":[{\"@type\":\"SearchAction\",\"target\":{\"@type\":\"EntryPoint\",\"urlTemplate\":\"https:\/\/www.guillenjoyeros.com\/alta-joyeria\/?s={search_term_string}\"},\"query-input\":\"required name=search_term_string\"}],\"inLanguage\":\"es\"}]}<\/script>\n<!-- \/ Yoast SEO plugin. -->","yoast_head_json":{"title":"DISE\u00d1O - Guillen Joyeros","description":"En Guillen Joyeros entendemos el significado del amor para toda la vida, es por eso que junto a profesionales del dise\u00f1o y calificados orfebres, buscamos","robots":{"index":"index","follow":"follow","max-snippet":"max-snippet:-1","max-image-preview":"max-image-preview:large","max-video-preview":"max-video-preview:-1"},"canonical":"https:\/\/www.guillenjoyeros.com\/alta-joyeria\/diseno\/","og_locale":"es_ES","og_type":"article","og_title":"DISE\u00d1O - Guillen Joyeros","og_description":"En Guillen Joyeros entendemos el significado del amor para toda la vida, es por eso que junto a profesionales del dise\u00f1o y calificados orfebres, buscamos","og_url":"https:\/\/www.guillenjoyeros.com\/alta-joyeria\/diseno\/","og_site_name":"Guillen Joyeros","article_publisher":"https:\/\/www.facebook.com\/DGuillenNovias","article_modified_time":"2019-04-23T19:23:56+00:00","twitter_card":"summary","schema":{"@context":"https:\/\/schema.org","@graph":[{"@type":"WebPage","@id":"https:\/\/www.guillenjoyeros.com\/alta-joyeria\/diseno\/","url":"https:\/\/www.guillenjoyeros.com\/alta-joyeria\/diseno\/","name":"DISE\u00d1O - Guillen Joyeros","isPartOf":{"@id":"https:\/\/www.guillenjoyeros.com\/alta-joyeria\/#website"},"datePublished":"2015-09-10T20:44:56+00:00","dateModified":"2019-04-23T19:23:56+00:00","description":"En Guillen Joyeros entendemos el significado del amor para toda la vida, es por eso que junto a profesionales del dise\u00f1o y calificados orfebres, buscamos","breadcrumb":{"@id":"https:\/\/www.guillenjoyeros.com\/alta-joyeria\/diseno\/#breadcrumb"},"inLanguage":"es","potentialAction":[{"@type":"ReadAction","target":["https:\/\/www.guillenjoyeros.com\/alta-joyeria\/diseno\/"]}]},{"@type":"BreadcrumbList","@id":"https:\/\/www.guillenjoyeros.com\/alta-joyeria\/diseno\/#breadcrumb","itemListElement":[{"@type":"ListItem","position":1,"name":"Portada","item":"https:\/\/www.guillenjoyeros.com\/alta-joyeria\/"},{"@type":"ListItem","position":2,"name":"DISE\u00d1O"}]},{"@type":"WebSite","@id":"https:\/\/www.guillenjoyeros.com\/alta-joyeria\/#website","url":"https:\/\/www.guillenjoyeros.com\/alta-joyeria\/","name":"Guillen Joyeros","description":"Llevamos m\u00e1s de 20 a\u00f1os de experiencia en el mercado orfebre tanto a nivel nacional como internacional. Actualmente contamos con nuestra nueva l\u00ednea exclusiva dedicada a los anillos de compromiso y alianzas matrimoniales.","potentialAction":[{"@type":"SearchAction","target":{"@type":"EntryPoint","urlTemplate":"https:\/\/www.guillenjoyeros.com\/alta-joyeria\/?s={search_term_string}"},"query-input":"required name=search_term_string"}],"inLanguage":"es"}]}},"_links":{"self":[{"href":"https:\/\/www.guillenjoyeros.com\/alta-joyeria\/wp-json\/wp\/v2\/pages\/28"}],"collection":[{"href":"https:\/\/www.guillenjoyeros.com\/alta-joyeria\/wp-json\/wp\/v2\/pages"}],"about":[{"href":"https:\/\/www.guillenjoyeros.com\/alta-joyeria\/wp-json\/wp\/v2\/types\/page"}],"author":[{"embeddable":true,"href":"https:\/\/www.guillenjoyeros.com\/alta-joyeria\/wp-json\/wp\/v2\/users\/1"}],"replies":[{"embeddable":true,"href":"https:\/\/www.guillenjoyeros.com\/alta-joyeria\/wp-json\/wp\/v2\/comments?post=28"}],"version-history":[{"count":20,"href":"https:\/\/www.guillenjoyeros.com\/alta-joyeria\/wp-json\/wp\/v2\/pages\/28\/revisions"}],"predecessor-version":[{"id":9413,"href":"https:\/\/www.guillenjoyeros.com\/alta-joyeria\/wp-json\/wp\/v2\/pages\/28\/revisions\/9413"}],"wp:attachment":[{"href":"https:\/\/www.guillenjoyeros.com\/alta-joyeria\/wp-json\/wp\/v2\/media?parent=28"}],"curies":[{"name":"wp","href":"https:\/\/api.w.org\/{rel}","templated":true}]}}