{"id":2644,"date":"2016-11-09T17:06:58","date_gmt":"2016-11-09T22:06:58","guid":{"rendered":"http:\/\/www.guillenjoyeros.com\/alta-joyeria\/?page_id=2644"},"modified":"2016-11-09T17:12:50","modified_gmt":"2016-11-09T22:12:50","slug":"que-es-el-proceso-kimberley","status":"publish","type":"page","link":"https:\/\/www.guillenjoyeros.com\/alta-joyeria\/que-es-el-proceso-kimberley\/","title":{"rendered":"\u00bfQu\u00e9 es el Proceso Kimberley?"},"content":{"rendered":"<p style=\"text-align: justify;\">El Proceso Kimberley es un sistema internacional de control que garantiza la licitud del origen de los diamantes en bruto, es decir los que controlan el principio y\u00a0el inicio del recorrido de los diamantes en bruto\u00a0que ser\u00e1n, posteriormente, objeto del proceso de tallado.<\/p>\n<p style=\"text-align: justify;\">La aplicaci\u00f3n de este sistema requiere que las importaciones y exportaciones de diamantes en bruto se sometan al sistema de certificaci\u00f3n, que incluye la expedici\u00f3n por las autoridades designadas a tal efecto de los correspondientes certificados por los participantes en el sistema.<\/p>\n<p style=\"text-align: justify;\">Por iniciativa, en particular de los pa\u00edses productores africanos, productores de otros continentes,\u00a0as\u00ed como los pa\u00edses importadores y exportadores, la industria y la sociedad civil se encontraron en el\u00a0marco del \u00abProceso de Kimberley\u00bb con el fin de crear un SISTEMA DE CERTIFICACI\u00d3N PARA EL COMERCIO INTERNACIONAL DE LOS DIAMANTES EN BRUTO.<\/p>\n<p style=\"text-align: justify;\">El objetivo de este sistema \u00a0es procurar que los DIAMANTES NO PUEDAN SERVIR PARA FINANCIAR LOS CONFLICTOS ARMADOS Y DESACREDITAR EL MERCADO LEGAL DE LOS DIAMANTES EN BRUTO, que\u00a0representan\u00a0un pilar econ\u00f3mico importante, particularmente para ciertos pa\u00edses en v\u00edas de desarrollo de \u00c1frica.<\/p>\n<p style=\"text-align: justify;\">El Proceso Kimberley se estableci\u00f3 el 1 de enero de 2003, en\u00a0\u00e9l\u00a0participan 49 miembros que representan a 75 pa\u00edses.<\/p>\n<p style=\"text-align: justify;\">Por este sistema se proh\u00edbe la importaci\u00f3n de diamantes en bruto salvo:<\/p>\n<ol style=\"text-align: justify;\">\n<li>Que vayan acompa\u00f1ados de un certificado v\u00e1lido por la autoridad competente de un pa\u00eds participante.<\/li>\n<li>Que sean transportados en contenedores inviolables y los sellos aplicados en la exportaci\u00f3n por el citado pa\u00eds participante est\u00e9n intactos.<\/li>\n<li>Que el certificado defina con claridad la remesa a la que se refiere.<\/li>\n<\/ol>\n<p style=\"text-align: justify;\">Estos certificados tienen una serie de requisitos obligatorios, entre los que destacan la identificaci\u00f3n del pa\u00eds de origen,\u00a0deben contar con una prueba de manipulaci\u00f3n o falsificaci\u00f3n,\u00a0as\u00ed como tambi\u00e9n deben identificar\u00a0al exportador e importador, el peso\/masa en quilates,\u00a0su\u00a0valor\u00a0en\u00a0USD, n\u00famero de lotes, descripci\u00f3n de la mercader\u00eda, validaci\u00f3n del certificado por la autoridad exportadora, entre otros&#8230;, pero adem\u00e1s, hay un procedimiento de verificaci\u00f3n ante situaciones de sospecha que\u00a0consistente en la apertura de los contenedores por la\u00a0autoridad comunitaria designada, para cuando los diamantes pasan al proceso de tallado ya\u00a0han recorrido previamente un camino de controles fundamentados en el Proceso de Kimberley.<\/p>\n<p style=\"text-align: justify;\"><img loading=\"lazy\" class=\"size-full wp-image-2649 imgweb-pagina aligncenter\" src=\"https:\/\/www.guillenjoyeros.com\/alta-joyeria\/wp-content\/uploads\/2016\/11\/proceso-kimberley-guille-joyeros.jpg\" alt=\"proceso-kimberley-guille-joyeros\" width=\"620\" height=\"570\" srcset=\"https:\/\/www.guillenjoyeros.com\/alta-joyeria\/wp-content\/uploads\/2016\/11\/proceso-kimberley-guille-joyeros.jpg 620w, https:\/\/www.guillenjoyeros.com\/alta-joyeria\/wp-content\/uploads\/2016\/11\/proceso-kimberley-guille-joyeros-600x552.jpg 600w, https:\/\/www.guillenjoyeros.com\/alta-joyeria\/wp-content\/uploads\/2016\/11\/proceso-kimberley-guille-joyeros-300x276.jpg 300w, https:\/\/www.guillenjoyeros.com\/alta-joyeria\/wp-content\/uploads\/2016\/11\/proceso-kimberley-guille-joyeros-260x239.jpg 260w\" sizes=\"(max-width: 620px) 100vw, 620px\" \/><\/p>\n","protected":false},"excerpt":{"rendered":"<p>El Proceso Kimberley es un sistema internacional de control que garantiza la licitud del origen de los diamantes en bruto, es decir los que controlan el principio y\u00a0el inicio del recorrido de los diamantes en bruto\u00a0que ser\u00e1n, posteriormente, objeto del proceso de tallado. La aplicaci\u00f3n de este sistema requiere que las importaciones y exportaciones de [&hellip;]<\/p>\n","protected":false},"author":1,"featured_media":0,"parent":0,"menu_order":0,"comment_status":"closed","ping_status":"closed","template":"","meta":{"inline_featured_image":false},"acf":[],"yoast_head":"<!-- This site is optimized with the Yoast SEO plugin v19.5.1 - https:\/\/yoast.com\/wordpress\/plugins\/seo\/ -->\n<title>\u00bfQu\u00e9 es el Proceso Kimberley? - Guillen Joyeros<\/title>\n<meta name=\"description\" content=\"El Proceso Kimberley es un sistema internacional de control que garantiza la licitud del origen de los diamantes en bruto, es decir los que controlan el\" \/>\n<meta name=\"robots\" content=\"index, follow, max-snippet:-1, max-image-preview:large, max-video-preview:-1\" \/>\n<link rel=\"canonical\" href=\"https:\/\/www.guillenjoyeros.com\/alta-joyeria\/que-es-el-proceso-kimberley\/\" \/>\n<meta property=\"og:locale\" content=\"es_ES\" \/>\n<meta property=\"og:type\" content=\"article\" \/>\n<meta property=\"og:title\" content=\"\u00bfQu\u00e9 es el Proceso Kimberley? - Guillen Joyeros\" \/>\n<meta property=\"og:description\" content=\"El Proceso Kimberley es un sistema internacional de control que garantiza la licitud del origen de los diamantes en bruto, es decir los que controlan el\" \/>\n<meta property=\"og:url\" content=\"https:\/\/www.guillenjoyeros.com\/alta-joyeria\/que-es-el-proceso-kimberley\/\" \/>\n<meta property=\"og:site_name\" content=\"Guillen Joyeros\" \/>\n<meta property=\"article:publisher\" content=\"https:\/\/www.facebook.com\/DGuillenNovias\" \/>\n<meta property=\"article:modified_time\" content=\"2016-11-09T22:12:50+00:00\" \/>\n<meta property=\"og:image\" content=\"https:\/\/www.guillenjoyeros.com\/alta-joyeria\/wp-content\/uploads\/2016\/11\/proceso-kimberley-guille-joyeros.jpg\" \/>\n<meta name=\"twitter:card\" content=\"summary\" \/>\n<meta name=\"twitter:label1\" content=\"Tiempo de lectura\" \/>\n\t<meta name=\"twitter:data1\" content=\"2 minutos\" \/>\n<script type=\"application\/ld+json\" class=\"yoast-schema-graph\">{\"@context\":\"https:\/\/schema.org\",\"@graph\":[{\"@type\":\"WebPage\",\"@id\":\"https:\/\/www.guillenjoyeros.com\/alta-joyeria\/que-es-el-proceso-kimberley\/\",\"url\":\"https:\/\/www.guillenjoyeros.com\/alta-joyeria\/que-es-el-proceso-kimberley\/\",\"name\":\"\u00bfQu\u00e9 es el Proceso Kimberley? - Guillen Joyeros\",\"isPartOf\":{\"@id\":\"https:\/\/www.guillenjoyeros.com\/alta-joyeria\/#website\"},\"datePublished\":\"2016-11-09T22:06:58+00:00\",\"dateModified\":\"2016-11-09T22:12:50+00:00\",\"description\":\"El Proceso Kimberley es un sistema internacional de control que garantiza la licitud del origen de los diamantes en bruto, es decir los que controlan el\",\"breadcrumb\":{\"@id\":\"https:\/\/www.guillenjoyeros.com\/alta-joyeria\/que-es-el-proceso-kimberley\/#breadcrumb\"},\"inLanguage\":\"es\",\"potentialAction\":[{\"@type\":\"ReadAction\",\"target\":[\"https:\/\/www.guillenjoyeros.com\/alta-joyeria\/que-es-el-proceso-kimberley\/\"]}]},{\"@type\":\"BreadcrumbList\",\"@id\":\"https:\/\/www.guillenjoyeros.com\/alta-joyeria\/que-es-el-proceso-kimberley\/#breadcrumb\",\"itemListElement\":[{\"@type\":\"ListItem\",\"position\":1,\"name\":\"Portada\",\"item\":\"https:\/\/www.guillenjoyeros.com\/alta-joyeria\/\"},{\"@type\":\"ListItem\",\"position\":2,\"name\":\"\u00bfQu\u00e9 es el Proceso Kimberley?\"}]},{\"@type\":\"WebSite\",\"@id\":\"https:\/\/www.guillenjoyeros.com\/alta-joyeria\/#website\",\"url\":\"https:\/\/www.guillenjoyeros.com\/alta-joyeria\/\",\"name\":\"Guillen Joyeros\",\"description\":\"Llevamos m\u00e1s de 20 a\u00f1os de experiencia en el mercado orfebre tanto a nivel nacional como internacional. Actualmente contamos con nuestra nueva l\u00ednea exclusiva dedicada a los anillos de compromiso y alianzas matrimoniales.\",\"potentialAction\":[{\"@type\":\"SearchAction\",\"target\":{\"@type\":\"EntryPoint\",\"urlTemplate\":\"https:\/\/www.guillenjoyeros.com\/alta-joyeria\/?s={search_term_string}\"},\"query-input\":\"required name=search_term_string\"}],\"inLanguage\":\"es\"}]}<\/script>\n<!-- \/ Yoast SEO plugin. -->","yoast_head_json":{"title":"\u00bfQu\u00e9 es el Proceso Kimberley? - Guillen Joyeros","description":"El Proceso Kimberley es un sistema internacional de control que garantiza la licitud del origen de los diamantes en bruto, es decir los que controlan el","robots":{"index":"index","follow":"follow","max-snippet":"max-snippet:-1","max-image-preview":"max-image-preview:large","max-video-preview":"max-video-preview:-1"},"canonical":"https:\/\/www.guillenjoyeros.com\/alta-joyeria\/que-es-el-proceso-kimberley\/","og_locale":"es_ES","og_type":"article","og_title":"\u00bfQu\u00e9 es el Proceso Kimberley? - Guillen Joyeros","og_description":"El Proceso Kimberley es un sistema internacional de control que garantiza la licitud del origen de los diamantes en bruto, es decir los que controlan el","og_url":"https:\/\/www.guillenjoyeros.com\/alta-joyeria\/que-es-el-proceso-kimberley\/","og_site_name":"Guillen Joyeros","article_publisher":"https:\/\/www.facebook.com\/DGuillenNovias","article_modified_time":"2016-11-09T22:12:50+00:00","og_image":[{"url":"https:\/\/www.guillenjoyeros.com\/alta-joyeria\/wp-content\/uploads\/2016\/11\/proceso-kimberley-guille-joyeros.jpg"}],"twitter_card":"summary","twitter_misc":{"Tiempo de lectura":"2 minutos"},"schema":{"@context":"https:\/\/schema.org","@graph":[{"@type":"WebPage","@id":"https:\/\/www.guillenjoyeros.com\/alta-joyeria\/que-es-el-proceso-kimberley\/","url":"https:\/\/www.guillenjoyeros.com\/alta-joyeria\/que-es-el-proceso-kimberley\/","name":"\u00bfQu\u00e9 es el Proceso Kimberley? - Guillen Joyeros","isPartOf":{"@id":"https:\/\/www.guillenjoyeros.com\/alta-joyeria\/#website"},"datePublished":"2016-11-09T22:06:58+00:00","dateModified":"2016-11-09T22:12:50+00:00","description":"El Proceso Kimberley es un sistema internacional de control que garantiza la licitud del origen de los diamantes en bruto, es decir los que controlan el","breadcrumb":{"@id":"https:\/\/www.guillenjoyeros.com\/alta-joyeria\/que-es-el-proceso-kimberley\/#breadcrumb"},"inLanguage":"es","potentialAction":[{"@type":"ReadAction","target":["https:\/\/www.guillenjoyeros.com\/alta-joyeria\/que-es-el-proceso-kimberley\/"]}]},{"@type":"BreadcrumbList","@id":"https:\/\/www.guillenjoyeros.com\/alta-joyeria\/que-es-el-proceso-kimberley\/#breadcrumb","itemListElement":[{"@type":"ListItem","position":1,"name":"Portada","item":"https:\/\/www.guillenjoyeros.com\/alta-joyeria\/"},{"@type":"ListItem","position":2,"name":"\u00bfQu\u00e9 es el Proceso Kimberley?"}]},{"@type":"WebSite","@id":"https:\/\/www.guillenjoyeros.com\/alta-joyeria\/#website","url":"https:\/\/www.guillenjoyeros.com\/alta-joyeria\/","name":"Guillen Joyeros","description":"Llevamos m\u00e1s de 20 a\u00f1os de experiencia en el mercado orfebre tanto a nivel nacional como internacional. Actualmente contamos con nuestra nueva l\u00ednea exclusiva dedicada a los anillos de compromiso y alianzas matrimoniales.","potentialAction":[{"@type":"SearchAction","target":{"@type":"EntryPoint","urlTemplate":"https:\/\/www.guillenjoyeros.com\/alta-joyeria\/?s={search_term_string}"},"query-input":"required name=search_term_string"}],"inLanguage":"es"}]}},"_links":{"self":[{"href":"https:\/\/www.guillenjoyeros.com\/alta-joyeria\/wp-json\/wp\/v2\/pages\/2644"}],"collection":[{"href":"https:\/\/www.guillenjoyeros.com\/alta-joyeria\/wp-json\/wp\/v2\/pages"}],"about":[{"href":"https:\/\/www.guillenjoyeros.com\/alta-joyeria\/wp-json\/wp\/v2\/types\/page"}],"author":[{"embeddable":true,"href":"https:\/\/www.guillenjoyeros.com\/alta-joyeria\/wp-json\/wp\/v2\/users\/1"}],"replies":[{"embeddable":true,"href":"https:\/\/www.guillenjoyeros.com\/alta-joyeria\/wp-json\/wp\/v2\/comments?post=2644"}],"version-history":[{"count":5,"href":"https:\/\/www.guillenjoyeros.com\/alta-joyeria\/wp-json\/wp\/v2\/pages\/2644\/revisions"}],"predecessor-version":[{"id":2650,"href":"https:\/\/www.guillenjoyeros.com\/alta-joyeria\/wp-json\/wp\/v2\/pages\/2644\/revisions\/2650"}],"wp:attachment":[{"href":"https:\/\/www.guillenjoyeros.com\/alta-joyeria\/wp-json\/wp\/v2\/media?parent=2644"}],"curies":[{"name":"wp","href":"https:\/\/api.w.org\/{rel}","templated":true}]}}