{"id":2187,"date":"2016-03-04T15:52:37","date_gmt":"2016-03-04T20:52:37","guid":{"rendered":"http:\/\/www.guillenjoyeros.com\/alta-joyeria\/?page_id=2187"},"modified":"2016-10-24T11:02:41","modified_gmt":"2016-10-24T16:02:41","slug":"subastas-sabados","status":"publish","type":"page","link":"https:\/\/www.guillenjoyeros.com\/alta-joyeria\/subastas-sabados\/","title":{"rendered":"S\u00e1bado de Subastas"},"content":{"rendered":"<p style=\"text-align: justify;\">Subastas Guillen Joyeros es la m\u00e1s grande y \u00fanica subasta online especializada en joyer\u00eda del mercado ecuatoriano. Traducimos en experiencia, confianza, garant\u00eda y servicio hermosas creaciones. Desde 1991 como joyeros de profesi\u00f3n garantizamos y avalamos todos y cada uno de los dise\u00f1os que subastamos; contamos con un amplio grupo de especialistas, colaboradores y expertos profesionales de la orfebrer\u00eda, tanto cl\u00e1sicos como contempor\u00e1neos que nos respaldan y nutren como insignia exclusiva en joyer\u00eda de todo el Ecuador.<\/p>\n<p style=\"text-align: center;\"><a class=\"boton-descargar\" href=\"https:\/\/www.guillenjoyeros.com\/alta-joyeria\/realizar-una-subasta\">C\u00f3mo subastar<\/a><\/p>\n<p style=\"text-align: justify;\">Buscando la forma de expresar nuestra propia creatividad y de cubrir sus exigencias implementamos este nuevo servicio, en el cual le ofrecemos la mejor relaci\u00f3n calidad\/precio del mercado, junto a la seguridad y confianza de que todo ha sido revisado y examinado por expertos tras el respaldo de una marca consolidada hace m\u00e1s de veinte a\u00f1os, con productos de una calidad extraordinaria y servicios inspirados en nuestros clientes.<\/p>\n<p style=\"text-align: justify;\">Nuestra modalidad de puja directa le permite subastar sin precio de reserva, lo que significa que la ultima puja cercana a la culminaci\u00f3n de la subasta garantiza que usted ser\u00e1 el ganador del articulo subastado. Convirti\u00e9ndolo en el afortunado poseedor de un dise\u00f1o exclusivo de la marca Guillen Joyeros.<\/p>\n<h3>Schubert Guill\u00e9n<\/h3>\n","protected":false},"excerpt":{"rendered":"<p>Subastas Guillen Joyeros es la m\u00e1s grande y \u00fanica subasta online especializada en joyer\u00eda del mercado ecuatoriano. Traducimos en experiencia, confianza, garant\u00eda y servicio hermosas creaciones. Desde 1991 como joyeros de profesi\u00f3n garantizamos y avalamos todos y cada uno de los dise\u00f1os que subastamos; contamos con un amplio grupo de especialistas, colaboradores y expertos profesionales [&hellip;]<\/p>\n","protected":false},"author":1,"featured_media":2266,"parent":0,"menu_order":0,"comment_status":"closed","ping_status":"closed","template":"","meta":{"inline_featured_image":false},"acf":[],"yoast_head":"<!-- This site is optimized with the Yoast SEO plugin v19.5.1 - https:\/\/yoast.com\/wordpress\/plugins\/seo\/ -->\n<title>S\u00e1bado de Subastas - Guillen Joyeros<\/title>\n<meta name=\"description\" content=\"Subastas Guillen Joyeros es la m\u00e1s grande y \u00fanica subasta online especializada en joyer\u00eda del mercado ecuatoriano. Traducimos en experiencia, confianza,\" \/>\n<meta name=\"robots\" content=\"index, follow, max-snippet:-1, max-image-preview:large, max-video-preview:-1\" \/>\n<link rel=\"canonical\" href=\"https:\/\/www.guillenjoyeros.com\/alta-joyeria\/subastas-sabados\/\" \/>\n<meta property=\"og:locale\" content=\"es_ES\" \/>\n<meta property=\"og:type\" content=\"article\" \/>\n<meta property=\"og:title\" content=\"S\u00e1bado de Subastas:: Guillen Joyeros\" \/>\n<meta property=\"og:description\" content=\"Subastas Guillen Joyeros es la m\u00e1s grande y \u00fanica subasta online especializada en joyer\u00eda del mercado ecuatoriano.\" \/>\n<meta property=\"og:url\" content=\"https:\/\/www.guillenjoyeros.com\/alta-joyeria\/subastas-sabados\/\" \/>\n<meta property=\"og:site_name\" content=\"Guillen Joyeros\" \/>\n<meta property=\"article:publisher\" content=\"https:\/\/www.facebook.com\/DGuillenNovias\" \/>\n<meta property=\"article:modified_time\" content=\"2016-10-24T16:02:41+00:00\" \/>\n<meta property=\"og:image\" content=\"https:\/\/www.guillenjoyeros.com\/alta-joyeria\/wp-content\/uploads\/2015\/11\/sabado-de-subastas-nuevo.jpg\" \/>\n\t<meta property=\"og:image:width\" content=\"1200\" \/>\n\t<meta property=\"og:image:height\" content=\"628\" \/>\n\t<meta property=\"og:image:type\" content=\"image\/jpeg\" \/>\n<meta name=\"twitter:card\" content=\"summary\" \/>\n<meta name=\"twitter:label1\" content=\"Tiempo de lectura\" \/>\n\t<meta name=\"twitter:data1\" content=\"1 minuto\" \/>\n<script type=\"application\/ld+json\" class=\"yoast-schema-graph\">{\"@context\":\"https:\/\/schema.org\",\"@graph\":[{\"@type\":\"WebPage\",\"@id\":\"https:\/\/www.guillenjoyeros.com\/alta-joyeria\/subastas-sabados\/\",\"url\":\"https:\/\/www.guillenjoyeros.com\/alta-joyeria\/subastas-sabados\/\",\"name\":\"S\u00e1bado de Subastas - Guillen Joyeros\",\"isPartOf\":{\"@id\":\"https:\/\/www.guillenjoyeros.com\/alta-joyeria\/#website\"},\"datePublished\":\"2016-03-04T20:52:37+00:00\",\"dateModified\":\"2016-10-24T16:02:41+00:00\",\"description\":\"Subastas Guillen Joyeros es la m\u00e1s grande y \u00fanica subasta online especializada en joyer\u00eda del mercado ecuatoriano. Traducimos en experiencia, confianza,\",\"breadcrumb\":{\"@id\":\"https:\/\/www.guillenjoyeros.com\/alta-joyeria\/subastas-sabados\/#breadcrumb\"},\"inLanguage\":\"es\",\"potentialAction\":[{\"@type\":\"ReadAction\",\"target\":[\"https:\/\/www.guillenjoyeros.com\/alta-joyeria\/subastas-sabados\/\"]}]},{\"@type\":\"BreadcrumbList\",\"@id\":\"https:\/\/www.guillenjoyeros.com\/alta-joyeria\/subastas-sabados\/#breadcrumb\",\"itemListElement\":[{\"@type\":\"ListItem\",\"position\":1,\"name\":\"Portada\",\"item\":\"https:\/\/www.guillenjoyeros.com\/alta-joyeria\/\"},{\"@type\":\"ListItem\",\"position\":2,\"name\":\"S\u00e1bado de Subastas\"}]},{\"@type\":\"WebSite\",\"@id\":\"https:\/\/www.guillenjoyeros.com\/alta-joyeria\/#website\",\"url\":\"https:\/\/www.guillenjoyeros.com\/alta-joyeria\/\",\"name\":\"Guillen Joyeros\",\"description\":\"Llevamos m\u00e1s de 20 a\u00f1os de experiencia en el mercado orfebre tanto a nivel nacional como internacional. Actualmente contamos con nuestra nueva l\u00ednea exclusiva dedicada a los anillos de compromiso y alianzas matrimoniales.\",\"potentialAction\":[{\"@type\":\"SearchAction\",\"target\":{\"@type\":\"EntryPoint\",\"urlTemplate\":\"https:\/\/www.guillenjoyeros.com\/alta-joyeria\/?s={search_term_string}\"},\"query-input\":\"required name=search_term_string\"}],\"inLanguage\":\"es\"}]}<\/script>\n<!-- \/ Yoast SEO plugin. -->","yoast_head_json":{"title":"S\u00e1bado de Subastas - Guillen Joyeros","description":"Subastas Guillen Joyeros es la m\u00e1s grande y \u00fanica subasta online especializada en joyer\u00eda del mercado ecuatoriano. Traducimos en experiencia, confianza,","robots":{"index":"index","follow":"follow","max-snippet":"max-snippet:-1","max-image-preview":"max-image-preview:large","max-video-preview":"max-video-preview:-1"},"canonical":"https:\/\/www.guillenjoyeros.com\/alta-joyeria\/subastas-sabados\/","og_locale":"es_ES","og_type":"article","og_title":"S\u00e1bado de Subastas:: Guillen Joyeros","og_description":"Subastas Guillen Joyeros es la m\u00e1s grande y \u00fanica subasta online especializada en joyer\u00eda del mercado ecuatoriano.","og_url":"https:\/\/www.guillenjoyeros.com\/alta-joyeria\/subastas-sabados\/","og_site_name":"Guillen Joyeros","article_publisher":"https:\/\/www.facebook.com\/DGuillenNovias","article_modified_time":"2016-10-24T16:02:41+00:00","og_image":[{"width":1200,"height":628,"url":"https:\/\/www.guillenjoyeros.com\/alta-joyeria\/wp-content\/uploads\/2015\/11\/sabado-de-subastas-nuevo.jpg","type":"image\/jpeg"}],"twitter_card":"summary","twitter_misc":{"Tiempo de lectura":"1 minuto"},"schema":{"@context":"https:\/\/schema.org","@graph":[{"@type":"WebPage","@id":"https:\/\/www.guillenjoyeros.com\/alta-joyeria\/subastas-sabados\/","url":"https:\/\/www.guillenjoyeros.com\/alta-joyeria\/subastas-sabados\/","name":"S\u00e1bado de Subastas - Guillen Joyeros","isPartOf":{"@id":"https:\/\/www.guillenjoyeros.com\/alta-joyeria\/#website"},"datePublished":"2016-03-04T20:52:37+00:00","dateModified":"2016-10-24T16:02:41+00:00","description":"Subastas Guillen Joyeros es la m\u00e1s grande y \u00fanica subasta online especializada en joyer\u00eda del mercado ecuatoriano. Traducimos en experiencia, confianza,","breadcrumb":{"@id":"https:\/\/www.guillenjoyeros.com\/alta-joyeria\/subastas-sabados\/#breadcrumb"},"inLanguage":"es","potentialAction":[{"@type":"ReadAction","target":["https:\/\/www.guillenjoyeros.com\/alta-joyeria\/subastas-sabados\/"]}]},{"@type":"BreadcrumbList","@id":"https:\/\/www.guillenjoyeros.com\/alta-joyeria\/subastas-sabados\/#breadcrumb","itemListElement":[{"@type":"ListItem","position":1,"name":"Portada","item":"https:\/\/www.guillenjoyeros.com\/alta-joyeria\/"},{"@type":"ListItem","position":2,"name":"S\u00e1bado de Subastas"}]},{"@type":"WebSite","@id":"https:\/\/www.guillenjoyeros.com\/alta-joyeria\/#website","url":"https:\/\/www.guillenjoyeros.com\/alta-joyeria\/","name":"Guillen Joyeros","description":"Llevamos m\u00e1s de 20 a\u00f1os de experiencia en el mercado orfebre tanto a nivel nacional como internacional. Actualmente contamos con nuestra nueva l\u00ednea exclusiva dedicada a los anillos de compromiso y alianzas matrimoniales.","potentialAction":[{"@type":"SearchAction","target":{"@type":"EntryPoint","urlTemplate":"https:\/\/www.guillenjoyeros.com\/alta-joyeria\/?s={search_term_string}"},"query-input":"required name=search_term_string"}],"inLanguage":"es"}]}},"_links":{"self":[{"href":"https:\/\/www.guillenjoyeros.com\/alta-joyeria\/wp-json\/wp\/v2\/pages\/2187"}],"collection":[{"href":"https:\/\/www.guillenjoyeros.com\/alta-joyeria\/wp-json\/wp\/v2\/pages"}],"about":[{"href":"https:\/\/www.guillenjoyeros.com\/alta-joyeria\/wp-json\/wp\/v2\/types\/page"}],"author":[{"embeddable":true,"href":"https:\/\/www.guillenjoyeros.com\/alta-joyeria\/wp-json\/wp\/v2\/users\/1"}],"replies":[{"embeddable":true,"href":"https:\/\/www.guillenjoyeros.com\/alta-joyeria\/wp-json\/wp\/v2\/comments?post=2187"}],"version-history":[{"count":22,"href":"https:\/\/www.guillenjoyeros.com\/alta-joyeria\/wp-json\/wp\/v2\/pages\/2187\/revisions"}],"predecessor-version":[{"id":2383,"href":"https:\/\/www.guillenjoyeros.com\/alta-joyeria\/wp-json\/wp\/v2\/pages\/2187\/revisions\/2383"}],"wp:featuredmedia":[{"embeddable":true,"href":"https:\/\/www.guillenjoyeros.com\/alta-joyeria\/wp-json\/wp\/v2\/media\/2266"}],"wp:attachment":[{"href":"https:\/\/www.guillenjoyeros.com\/alta-joyeria\/wp-json\/wp\/v2\/media?parent=2187"}],"curies":[{"name":"wp","href":"https:\/\/api.w.org\/{rel}","templated":true}]}}